
{"id":2450,"date":"2020-07-16T11:07:57","date_gmt":"2020-07-16T11:07:57","guid":{"rendered":"https:\/\/avamarketing.no\/?page_id=2450"},"modified":"2020-07-16T11:07:57","modified_gmt":"2020-07-16T11:07:57","slug":"virtuelle-turer-i-stavanger-og-sandnes","status":"publish","type":"page","link":"https:\/\/avamarketing.no\/no\/virtuelle-turer-i-stavanger-og-sandnes\/","title":{"rendered":"Virtuelle turer i Stavanger og Sandnes"},"content":{"rendered":"<p>[vc_section content_placement=&raquo;middle&raquo;][vc_row content_placement=&raquo;middle&raquo;][vc_column width=&raquo;1\/2&#8243;][vc_column_text]<\/p>\n<h1 class=\"sub\">Spacery wirtualne w Norwegii<\/h1>\n<h4 class=\"sub2\">B\u0105d\u017a trendy \u2013 Zainteresuj klienta spacerem 3D Twojej firmy<\/h4>\n<p>Innowacyjny <strong><a href=\"https:\/\/avamarketing.no\/marketing-w-norwegii\/\">marketing internetowy<\/a><\/strong> potrzebuje innowacyjnych rozwi\u0105za\u0144. Wirtualny spacer wyr\u00f3\u017cni Twoj\u0105 firm\u0119 w\u015br\u00f3d konkurencji. Spacery wirtualne pokazuj\u0105 100% wn\u0119trza online, dlatego klient mo\u017ce pozna\u0107 Twoj\u0105 firm\u0119, zanim zdecyduje si\u0119 na faktyczne odwiedziny. Niezale\u017cnie, czy prowadzisz restauracj\u0119, czy ma\u0142y gabinet kosmetyczny, ta oferta skierowana jest do Ciebie.<\/p>\n<p>Dzi\u0119ki wirtualnej wycieczce po firmie sprawisz, aby Twoi klienci Ci zaufali, sprawisz, by poczuli si\u0119 komfortowo. Pami\u0119taj klienci ch\u0119tniej decyduj\u0105 si\u0119 na zakupu us\u0142ug lub produkt\u00f3w znaj\u0105c Twoj\u0105 firm\u0119 lepiej.<\/p>\n<p>Pewnie kojarzysz i nie raz korzysta\u0142e\u015b z us\u0142ug Google Maps i Street View. Wyobra\u017a sobie, \u017ce dzi\u0119ki eksporcie wirtualnego spaceru, mo\u017cesz poprawi\u0107 widoczno\u015b\u0107 firmy w Google kilkukrotnie. Dodatkowo klienci w \u0142atwy spos\u00f3b z poziomu Google Maps i Street View, mog\u0105 odnale\u017a\u0107 Twoj\u0105 firm\u0119 i skorzysta\u0107 z spaceru 3D.<\/p>\n<h3><strong>Wirtualne spacery to spos\u00f3b na szybk\u0105 sprzeda\u017c lub wynajem nieruchomo\u015bci.<\/strong><\/h3>\n<p>Jeste\u015b deweloperem, wynajmujesz lub sprzedajesz nieruchomo\u015bci? Masz dosy\u0107 spotka\u0144 z klientami, kt\u00f3re do niczego nie prowadz\u0105? Spacery wirtualne to idealne rozwi\u0105zanie Twojego problemu. Od teraz potencjalni klienci mog\u0105 do\u015bwiadczy\u0107 i sami oceni\u0107 w skali 1:1 nieruchomo\u015b\u0107, jak\u0105 mieliby zobaczy\u0107 podczas spotkania z Twoj\u0105 osob\u0105. Ka\u017cdy przedsi\u0119biorca wie, \u017ce czas to pieni\u0105dz, dzi\u0119ki naszej wirtualnej wycieczce mo\u017cesz przeprowadzi\u0107 wi\u0119cej skutecznych spotka\u0144 biznesowych, gdy\u017c \u015bwiadomy i zdecydowany klient jest na wag\u0119 z\u0142ota.<\/p>\n<p><center><a class=\"more\" href=\"https:\/\/avamarketing.no\/kontakt\/\">Zam\u00f3w wirtualny spacer w Norwegii<\/a><\/center><\/p>\n<h3>Skanowanie 3D dla in\u017cynierii i budownictwa w Norwegii<\/h3>\n<p>Spacery wirtualne sprawdzaj\u0105 si\u0119 fenomenalnie w in\u017cynierii i budownictwie, gdzie wykonywane s\u0105 inwestycje budowlane, wyko\u0144czeniowe lub remontowe. Od dzi\u015b mo\u017cesz zaprezentowa\u0107 wszystkim zainteresowanym aktualny post\u0119py w pracach lub mo\u017cliwo\u015b\u0107 inspekcji online, a jednocze\u015bnie wykonasz kompleksow\u0105 dokumentacj\u0119 z realizacji budowy, kt\u00f3ra jest wymagana w Norwegii.<\/p>\n<p>Zar\u00f3wno inwestorzy jak i przyszli najemcy z ch\u0119ci\u0105 skorzystaj\u0105 z wirtualnego spaceru, daj\u0105cego mo\u017cliwo\u015b\u0107 kontroli aktualnego stanu rob\u00f3t, za pomoc\u0105 jednego klikni\u0119cia myszki. Sta\u0142e udost\u0119pnianie nabywcom podgl\u0105du z placu budowy, zwi\u0119ksza zaufanie i pozwala znacz\u0105co usprawni\u0107 komunikacj\u0119 mi\u0119dzy deweloperem, a inwestorami.<\/p>\n<p>Skanowanie 3D wn\u0119trz jest niesamowicie przydatne przy pracach wyko\u0144czeniowych. Dzi\u0119ki zachowaniu skali i \u0142atwo\u015bci prezentacji, z naszych us\u0142ug korzystaj\u0105 r\u00f3wnie\u017c architekci i projektanci wn\u0119trz.<\/p>\n<p><center><a class=\"more\" href=\"https:\/\/avamarketing.no\/kontakt\/\">Zam\u00f3w skanowanie 3D w Norwegii<\/a><\/center>\u00a0[\/vc_column_text][\/vc_column][vc_column width=&raquo;1\/2&#8243;][vc_single_image image=&raquo;2117&#8243; img_size=&raquo;full&raquo;][\/vc_column][\/vc_row][vc_row][vc_column][vc_column_text]<\/p>\n<h2 class=\"step\">3 kroki do Twojego wirtualnego spaceru w Norwegii<\/h2>\n<p>[\/vc_column_text][vc_row_inner gap=&raquo;20&#8243;][vc_column_inner el_class=&raquo;rownaj&raquo; width=&raquo;1\/3&#8243;][vc_column_text]<\/p>\n<h3>Analiza<\/h3>\n<p>[\/vc_column_text][vc_raw_html]JTNDZGl2JTIwY2xhc3MlM0QlMjJvZmVydGFrJTIwa2FydGthayUyMiUzRSUzQ2RpdiUyMGNsYXNzJTNEJTIyYWxpZ24tai1kJTIyJTNFJTNDZmlndXJlJTIwY2xhc3MlM0QlMjJyb3duYWolMjIlM0UlMEElM0NpbWclMjBzcmMlM0QlMjJodHRwcyUzQSUyRiUyRmF2YW1hcmtldGluZy5ubyUyRndwLWNvbnRlbnQlMkZ1cGxvYWRzJTJGaWtvbmthLWFuYWxpemEtQVZBLU1hcmtldGluZy5wbmclMjIlMjBhbHQlM0QlMjJQcm9qZWt0b3dhbmllJTIwc3Ryb24lMjB3d3clMjIlMjBjbGFzcyUzRCUyMmNpcmNsZS1pbWFnZSUyMiUzRSUzQyUyRmZpZ3VyZSUzRSUwQSUzQyUyRmRpdiUzRSUzQyUyRmRpdiUzRQ==[\/vc_raw_html][vc_column_text]1. \u00a0 Po otrzymaniu zapytania poprzez<strong><a href=\"https:\/\/avamarketing.no\/kontakt\/\"> formularz kontaktowy<\/a>,<\/strong>analizujemy Twoje potrzeby. Na podstawie informacji o obiekcie takich jak adres i metra\u017c skanowanego obiektu, okre\u015blamy cel, zakres prac i harmonogram dzia\u0142a\u0144.[\/vc_column_text][\/vc_column_inner][vc_column_inner el_class=&raquo;rownaj&raquo; width=&raquo;1\/3&#8243;][vc_column_text]<\/p>\n<h3>Oferta<\/h3>\n<p>[\/vc_column_text][vc_raw_html]JTNDZGl2JTIwY2xhc3MlM0QlMjJvZmVydGFrJTIwa2FydGthayUyMiUzRSUzQ2RpdiUyMGNsYXNzJTNEJTIyYWxpZ24tai1kJTIyJTNFJTNDZmlndXJlJTIwY2xhc3MlM0QlMjJyb3duYWolMjIlM0UlMEElM0NpbWclMjBzcmMlM0QlMjJodHRwcyUzQSUyRiUyRmF2YW1hcmtldGluZy5ubyUyRndwLWNvbnRlbnQlMkZ1cGxvYWRzJTJGaWtvbmthLW9mZXJ0YS1BVkEtTWFya2V0aW5nLnBuZyUyMiUyMGFsdCUzRCUyMlByb2pla3Rvd2FuaWUlMjBzdHJvbiUyMHd3dyUyMiUyMGNsYXNzJTNEJTIyY2lyY2xlLWltYWdlJTIyJTNFJTNDJTJGZmlndXJlJTNFJTBBJTNDJTJGZGl2JTNFJTNDJTJGZGl2JTNF[\/vc_raw_html][vc_column_text]<\/p>\n<p>2.\u00a0 Tworzymy pe\u0142n\u0105 wycen\u0119 na podstawie przedstawionych wymaga\u0144 i informacji o obiekcie.\u00a0 Po akceptacji oferty, ustalamy termin wykonania spaceru wirtualnego i przyst\u0119pujemy do dzia\u0142a\u0144 wed\u0142ug opracowanego harmonogramu.<\/p>\n<p>[\/vc_column_text][\/vc_column_inner][vc_column_inner el_class=&raquo;rownaj&raquo; width=&raquo;1\/3&#8243;][vc_column_text]<\/p>\n<h3>Wsp\u00f3\u0142praca<\/h3>\n<p>[\/vc_column_text][vc_raw_html]JTNDZGl2JTIwY2xhc3MlM0QlMjJhbGlnbi1qLWQlMjIlM0UlM0NmaWd1cmUlM0UlM0NpbWclMjBzcmMlM0QlMjJodHRwcyUzQSUyRiUyRmF2YW1hcmtldGluZy5ubyUyRndwLWNvbnRlbnQlMkZ1cGxvYWRzJTJGaWtvbmthLXdzcG9scHJhY2EtQVZBLU1hcmtldGluZy5wbmclMjIlMjBhbHQlM0QlMjJQcm9qZWt0b3dhbmllJTIwc3Ryb24lMjB3d3clMjIlMjBjbGFzcyUzRCUyMmNpcmNsZS1pbWFnZSUyMiUzRSUzQyUyRmZpZ3VyZSUzRSUzQyUyRmRpdiUzRQ==[\/vc_raw_html][vc_column_text]<\/p>\n<p>3. Przeprowadzamy skanowanie 3D Twojego biznesu lub nieruchomo\u015bci. Renderujemy efekty naszej pracy i przygotowujemy spacer w formie linku do osadzenia na stronie internetowej lub umieszczenia w wizyt\u00f3wkach Google i Street View<\/p>\n<p>[\/vc_column_text][\/vc_column_inner][\/vc_row_inner][\/vc_column][\/vc_row][vc_row full_width=&raquo;stretch_row_content_no_spaces&raquo; content_placement=&raquo;middle&raquo; parallax=&raquo;content-moving&raquo; parallax_image=&raquo;524&#8243;][vc_column][vc_row_inner content_placement=&raquo;middle&raquo;][vc_column_inner width=&raquo;1\/4&#8243;][\/vc_column_inner][vc_column_inner width=&raquo;1\/2&#8243;][vc_column_text]<\/p>\n<p class=\"banerkontakt\">Zam\u00f3w wirtualny spacer w Norwegii? Skontaktuj si\u0119 z nami za pomoc\u0105 <b><a class=\"link\" href=\"https:\/\/avamarketing.no\/kontakt\/\">formularza <\/a><\/b>lub telefonicznie pod numerem <b><a class=\"link\" href=\"tel:+4793993263\">+47 939 93 263 <\/a><\/b><\/p>\n<p>[\/vc_column_text][\/vc_column_inner][vc_column_inner width=&raquo;1\/4&#8243;][\/vc_column_inner][\/vc_row_inner][\/vc_column][\/vc_row][\/vc_section][vc_section][vc_row content_placement=&raquo;bottom&raquo;][vc_column][vc_empty_space height=&raquo;30px&raquo;][\/vc_column][\/vc_row][\/vc_section][vc_section][vc_row][vc_column][vc_column_text]<\/p>\n<h2 class=\"step\">Nasze spacery wirtualne to \u015bwietne dope\u0142nienie dla:<\/h2>\n<p>[\/vc_column_text][\/vc_column][\/vc_row][vc_row gap=&raquo;35&#8243; content_placement=&raquo;middle&raquo;][vc_column width=&raquo;1\/2&#8243;][vc_column_text]<\/p>\n<h2 class=\"rodzaje\">Profesjonalnych stron internetowych<\/h2>\n<h4>Strona internetowa da Ci szans\u0119 na wi\u0119ksz\u0105 sprzeda\u017c!<\/h4>\n<p>Wirtualny spacer zbuduje zaufanie klienta, ale tylko norweska strona internetowa jest w stanie sprzeda\u0107 Twoje produkty lub us\u0142ugi. Doskona\u0142y dodatek do spacer\u00f3w wirtualnych, jest wykonanie profesjonalnej stron internetowej, kt\u00f3ra generuje realn\u0105 sprzeda\u017c. Nasze innowacyjne rozwi\u0105zania oraz elastyczny cennik, pozwalaj\u0105 na utworzenie strony www dostosowanej do Twojego bud\u017cetu i naszych mo\u017cliwo\u015bci technologicznych. Nasze witryny internetowe s\u0105 intuicyjne dla u\u017cytkownika i spe\u0142niaj\u0105 wszelkie wymagania stawiane przez wyszukiwark\u0119 Google, dzi\u0119ki czemu strona www otrzymuje wysokie <strong><a href=\"https:\/\/avamarketing.no\/pozycjonowanie-stron-internetowych-w-norwegii\/\">pozycjonowanie<\/a> <\/strong>w Norwegii.<\/p>\n<p><center><a class=\"more\" href=\"https:\/\/avamarketing.no\/strony-internetowe-w-norwegii\/\">Wi\u0119cej o stronach internetowych w Norwegii<\/a><\/center>&nbsp;<\/p>\n<p><center><a class=\"more\" href=\"https:\/\/avamarketing.no\/kontakt\/\">Zam\u00f3w stron\u0119 internetow\u0105 w Norwegii<\/a><\/center>[\/vc_column_text][\/vc_column][vc_column width=&raquo;1\/2&#8243;][vc_single_image image=&raquo;1996&#8243; img_size=&raquo;large&raquo; alignment=&raquo;right&raquo;][\/vc_column][\/vc_row][vc_row gap=&raquo;35&#8243; content_placement=&raquo;middle&raquo;][vc_column width=&raquo;1\/2&#8243;][vc_column_text]<\/p>\n<h2 class=\"rodzaje\">Sprawny marketing internetowy w Norwegii<\/h2>\n<h4>Wyci\u015bnij ze swojego emarketingu wi\u0119cej!<\/h4>\n<p>Spacer wirtualny to doskona\u0142e i innowacyjne rozwi\u0105zanie dla wielu bran\u017c. Z \u0142atwo\u015bci\u0105 mo\u017cemy znale\u017a\u0107 zastosowania w in\u017cynierii, budownictwie, gastronomii, hotelarstwie, a nawet w sprzeda\u017cy jacht\u00f3w i samochod\u00f3w. Jeste\u015bmy fanami nowinek i nowoczesnych strategii marketingowych! Dlatego do ka\u017cdego wirtualnego spaceru dla biznesu polecamy nasze sprawdzone us\u0142ugi marketingowe na rynku norweskim. Skorzystaj z naszych do\u015bwiadcze\u0144, zdob\u0105d\u017a nowych potencjalnych klient\u00f3w i odr\u00f3\u017cnij si\u0119 na tle konkurencji.<\/p>\n<p><center><a class=\"more\" href=\"https:\/\/avamarketing.no\/marketing-w-norwegii\/\">Wi\u0119cej o marketingu internetowym w Norwegii<\/a><\/center>&nbsp;<\/p>\n<p><center><a class=\"more\" href=\"https:\/\/avamarketing.no\/kontakt\/\">Zam\u00f3w emarketing w Norwegii<\/a><\/center>[\/vc_column_text][\/vc_column][vc_column width=&raquo;1\/2&#8243;][vc_single_image image=&raquo;2116&#8243; img_size=&raquo;full&raquo; alignment=&raquo;right&raquo;][\/vc_column][\/vc_row][\/vc_section]<\/p>\n","protected":false},"excerpt":{"rendered":"[vc_section content_placement=&raquo;middle&raquo;][vc_row content_placement=&raquo;middle&raquo;][vc_column width=&raquo;1\/2&#8243;][vc_column_text] Spacery wirtualne w Norwegii B\u0105d\u017a trendy \u2013 Zainteresuj klienta spacerem 3D Twojej firmy Innowacyjny marketing internetowy potrzebuje innowacyjnych rozwi\u0105za\u0144. Wirtualny spacer wyr\u00f3\u017cni Twoj\u0105 firm\u0119 w\u015br\u00f3d konkurencji. Spacery wirtualne pokazuj\u0105 100% wn\u0119trza online, dlatego klient mo\u017ce pozna\u0107 Twoj\u0105 firm\u0119, zanim zdecyduje si\u0119 na faktyczne odwiedziny. Niezale\u017cnie, czy prowadzisz restauracj\u0119, czy ma\u0142y gabinet&#8230; <a class=\"view-article\" href=\"https:\/\/avamarketing.no\/no\/virtuelle-turer-i-stavanger-og-sandnes\/\">View Article<\/a>","protected":false},"author":2,"featured_media":0,"parent":0,"menu_order":0,"comment_status":"closed","ping_status":"closed","template":"","meta":[],"yst_prominent_words":[552,427,548],"_links":{"self":[{"href":"https:\/\/avamarketing.no\/no\/wp-json\/wp\/v2\/pages\/2450"}],"collection":[{"href":"https:\/\/avamarketing.no\/no\/wp-json\/wp\/v2\/pages"}],"about":[{"href":"https:\/\/avamarketing.no\/no\/wp-json\/wp\/v2\/types\/page"}],"author":[{"embeddable":true,"href":"https:\/\/avamarketing.no\/no\/wp-json\/wp\/v2\/users\/2"}],"replies":[{"embeddable":true,"href":"https:\/\/avamarketing.no\/no\/wp-json\/wp\/v2\/comments?post=2450"}],"version-history":[{"count":2,"href":"https:\/\/avamarketing.no\/no\/wp-json\/wp\/v2\/pages\/2450\/revisions"}],"predecessor-version":[{"id":2453,"href":"https:\/\/avamarketing.no\/no\/wp-json\/wp\/v2\/pages\/2450\/revisions\/2453"}],"wp:attachment":[{"href":"https:\/\/avamarketing.no\/no\/wp-json\/wp\/v2\/media?parent=2450"}],"wp:term":[{"taxonomy":"yst_prominent_words","embeddable":true,"href":"https:\/\/avamarketing.no\/no\/wp-json\/wp\/v2\/yst_prominent_words?post=2450"}],"curies":[{"name":"wp","href":"https:\/\/api.w.org\/{rel}","templated":true}]}}