
{"id":2417,"date":"2020-07-15T13:16:39","date_gmt":"2020-07-15T13:16:39","guid":{"rendered":"https:\/\/avamarketing.no\/?page_id=2417"},"modified":"2020-07-15T13:16:39","modified_gmt":"2020-07-15T13:16:39","slug":"automatisering-av-markedsforing-stavanger-og-sandnes","status":"publish","type":"page","link":"https:\/\/avamarketing.no\/no\/automatisering-av-markedsforing-stavanger-og-sandnes\/","title":{"rendered":"Automatisering av markedsf\u00f8ring Stavanger og Sandnes"},"content":{"rendered":"<p>[vc_section content_placement=&raquo;middle&raquo;][vc_row content_placement=&raquo;middle&raquo;][vc_column width=&raquo;1\/2&#8243;][vc_column_text]<\/p>\n<h1 class=\"sub\">Marketing automation w Norwegii<\/h1>\n<h4 class=\"sub2\">Zwi\u0119ksz skuteczno\u015b\u0107 dzi\u0119ki automatyzacji marketingu<\/h4>\n<p>Jako jedyna firma w Norwegii oferujemy dla Polonii wdra\u017canie automatyzacji marketingu. Wra\u017caj\u0105c marketing automation w swojej firmie zaoszcz\u0119dzaj\u0105cych czas i pieni\u0105dze, u\u0142atwiaj\u0105cych sobie prac\u0119, a przede wszystkim pozyskasz nowych potencjalnych klient\u00f3w.<\/p>\n<p>Najwa\u017cniejsz\u0105 zalet\u0105 w zastosowaniu marketing automation w Norwegii jest zautomatyzowanie i personalizacja komunikacji z klientem indywidualnym lub biznesowym. Dzi\u0119ki opracowanej strategii marketingowej i automatyzacji marketingu, mo\u017cemy zautomatyzowany wysy\u0142k\u0119 newsletter\u00f3w, kampani\u0119 e\u2011mail lub SMS marketingu. Tre\u015bci dynamiczne przesy\u0142ane za po\u015brednictwem kampanii mailingowej w Norwegii s\u0105 odpowiedzi\u0105 na zachowanie u\u017cytkownika, to znaczy: Po zapisaniu kontaktu do bazy danych, mo\u017cemy ustawi\u0107 cykl maili, kt\u00f3re wysy\u0142ane s\u0105 w zale\u017cno\u015bci, czy u\u017cytkownik dokona\u0142 interakcji na poprzedni\u0105 wiadomo\u015b\u0107.<\/p>\n<p>Stworzymy dla Twojego biznesu w Norwegii ChatBOTa na Messenger, kt\u00f3ry 24h 7 dni w tygodniu, b\u0119dzie odpowiada\u0142 na pytania Twoich klient\u00f3w. Dzi\u0119ki naszym innowacyjnym narz\u0119dziom, mo\u017cesz w \u0142atwy spos\u00f3b budowa\u0107 baz\u0119 subskrybent\u00f3w. Wystarczy, \u017ce fan skomentuje Tw\u00f3j dowolny post na Facebooku, a od razu ruszy mu z pomoc\u0105 BOT na Messenger. Super! Masz nowego subskrybenta, kt\u00f3ry dzi\u0119ki zastosowania strategii marketingowej i lejka sprzeda\u017cowego ma szans\u0119 zosta\u0107 automatycznie nowym klientem Twojej firmy. Profesjonalny BOT na Facebooku, to podstawowe narz\u0119dzie do stworzenia automatycznego marketingu w Norwegii.<\/p>\n<p>Dla <strong><a href=\"https:\/\/avamarketing.no\/sklepy-internetowe-w-norwegii\/\">sklep\u00f3w internetowych w Norwegii,<\/a><\/strong> projektujemy funkcje stworzone z my\u015bl\u0105 o rynku e\u2011commerce. Dzi\u0119ki naszym rozwi\u0105zaniom zmniejszymy ilo\u015b\u0107 porzuconych koszyk\u00f3w, wysy\u0142aj\u0105c dynamiczne maile z informacj\u0105 o produktach, kt\u00f3re zosta\u0142y w sklepowym koszyku. Stworzymy personalizowane newslettery. Dynamiczne rekomendacje produkt\u00f3w w sklepie internetowym. Nasze dzia\u0142ania, z u\u017cyciem marketing automation przek\u0142adaj\u0105 si\u0119 na wzrost konwersji reklamy oraz sprzeda\u017cy.<\/p>\n<p>[\/vc_column_text][\/vc_column][vc_column width=&raquo;1\/2&#8243;][vc_single_image image=&raquo;1987&#8243; img_size=&raquo;large&raquo;][\/vc_column][\/vc_row][vc_row][vc_column][vc_raw_html]JTNDY2VudGVyJTNFJTNDYSUyMGNsYXNzJTNEJTIybW9yZSUyMiUyMGhyZWYlM0QlMjJodHRwcyUzQSUyRiUyRmF2YW1hcmtldGluZy5ubyUyRmtvbnRha3QlMkYlMjIlM0VaYW0lQzMlQjN3JTIwbWFya2V0aW5nJTIwYXV0b21hdGlvbiUyMGRsYSUyMHN3b2plaiUyMGZpcm15JTIwdyUyME5vcndlZ2lpJTNDJTJGYSUzRSUzQyUyRmNlbnRlciUzRQ==[\/vc_raw_html][vc_column_text]<\/p>\n<h2 class=\"step\">3 Etapy automatyzacji Twojego marketingu w Norwegii::<\/h2>\n<p>[\/vc_column_text][vc_row_inner gap=&raquo;20&#8243;][vc_column_inner el_class=&raquo;rownaj&raquo; width=&raquo;1\/3&#8243;][vc_column_text]<\/p>\n<h3>Analiza<\/h3>\n<p>[\/vc_column_text][vc_raw_html]JTNDZGl2JTIwY2xhc3MlM0QlMjJvZmVydGFrJTIwa2FydGthayUyMiUzRSUzQ2RpdiUyMGNsYXNzJTNEJTIyYWxpZ24tai1kJTIyJTNFJTNDZmlndXJlJTIwY2xhc3MlM0QlMjJyb3duYWolMjIlM0UlMEElM0NpbWclMjBzcmMlM0QlMjJodHRwcyUzQSUyRiUyRmF2YW1hcmtldGluZy5ubyUyRndwLWNvbnRlbnQlMkZ1cGxvYWRzJTJGaWtvbmthLWFuYWxpemEtQVZBLU1hcmtldGluZy5wbmclMjIlMjBhbHQlM0QlMjJQcm9qZWt0b3dhbmllJTIwc3Ryb24lMjB3d3clMjIlMjBjbGFzcyUzRCUyMmNpcmNsZS1pbWFnZSUyMiUzRSUzQyUyRmZpZ3VyZSUzRSUwQSUzQyUyRmRpdiUzRSUzQyUyRmRpdiUzRQ==[\/vc_raw_html][vc_column_text]<\/p>\n<p>1. Po otrzymaniu zapytania poprzez <strong><a href=\"https:\/\/avamarketing.no\/kontakt\/\">formularz kontaktowy<\/a><\/strong>, analizujemy Twoj\u0105 witryn\u0119 pod k\u0105tem mo\u017cliwo\u015bci automatyzacji marketingu. Sprawdzamy, jakie procesy zachodz\u0105 w Twojej firmie w Norwegii i jakie warto przeprowadzi\u0107 automatyzacje.<\/p>\n<p>[\/vc_column_text][\/vc_column_inner][vc_column_inner el_class=&raquo;rownaj&raquo; width=&raquo;1\/3&#8243;][vc_column_text]<\/p>\n<h3>Oferta<\/h3>\n<p>[\/vc_column_text][vc_raw_html]JTNDZGl2JTIwY2xhc3MlM0QlMjJvZmVydGFrJTIwa2FydGthayUyMiUzRSUzQ2RpdiUyMGNsYXNzJTNEJTIyYWxpZ24tai1kJTIyJTNFJTNDZmlndXJlJTIwY2xhc3MlM0QlMjJyb3duYWolMjIlM0UlMEElM0NpbWclMjBzcmMlM0QlMjJodHRwcyUzQSUyRiUyRmF2YW1hcmtldGluZy5ubyUyRndwLWNvbnRlbnQlMkZ1cGxvYWRzJTJGaWtvbmthLW9mZXJ0YS1BVkEtTWFya2V0aW5nLnBuZyUyMiUyMGFsdCUzRCUyMlByb2pla3Rvd2FuaWUlMjBzdHJvbiUyMHd3dyUyMiUyMGNsYXNzJTNEJTIyY2lyY2xlLWltYWdlJTIyJTNFJTNDJTJGZmlndXJlJTNFJTBBJTNDJTJGZGl2JTNFJTNDJTJGZGl2JTNF[\/vc_raw_html][vc_column_text]<\/p>\n<p>2. \u00a0Bazuj\u0105c na dokonanej analizie strony internetowej i dzia\u0142a\u0144 marketingowych, tworzymy harmonogram i zakres dzia\u0142a\u0144 marketing automation dla Twojego biznesu w Norwegii. Okre\u015blamy cen\u0119 wykonania automatyzacji proces\u00f3w biznesowych.<\/p>\n<p>[\/vc_column_text][\/vc_column_inner][vc_column_inner el_class=&raquo;rownaj&raquo; width=&raquo;1\/3&#8243;][vc_column_text]<\/p>\n<h3>Wsp\u00f3\u0142praca<\/h3>\n<p>[\/vc_column_text][vc_raw_html]JTNDZGl2JTIwY2xhc3MlM0QlMjJhbGlnbi1qLWQlMjIlM0UlM0NmaWd1cmUlM0UlM0NpbWclMjBzcmMlM0QlMjJodHRwcyUzQSUyRiUyRmF2YW1hcmtldGluZy5ubyUyRndwLWNvbnRlbnQlMkZ1cGxvYWRzJTJGaWtvbmthLXdzcG9scHJhY2EtQVZBLU1hcmtldGluZy5wbmclMjIlMjBhbHQlM0QlMjJQcm9qZWt0b3dhbmllJTIwc3Ryb24lMjB3d3clMjIlMjBjbGFzcyUzRCUyMmNpcmNsZS1pbWFnZSUyMiUzRSUzQyUyRmZpZ3VyZSUzRSUzQyUyRmRpdiUzRQ==[\/vc_raw_html][vc_column_text]<\/p>\n<p>3.\u00a0Po akceptacji wyceny nasz zesp\u00f3\u0142 bierze si\u0119 do realizacji ustalonej strategii marketingowej. Zwi\u0119kszamy Twoj\u0105 widoczno\u015b\u0107 lokaln\u0105, zarz\u0105dzamy Twoj\u0105 wizyt\u00f3wk\u0105 w Google Business place, pozycjonujemy i reklamujemy firm\u0119 lokalnie.<\/p>\n<p>[\/vc_column_text][\/vc_column_inner][\/vc_row_inner][\/vc_column][\/vc_row][vc_row full_width=&raquo;stretch_row_content_no_spaces&raquo; content_placement=&raquo;middle&raquo; parallax=&raquo;content-moving&raquo; parallax_image=&raquo;524&#8243;][vc_column][vc_row_inner content_placement=&raquo;middle&raquo;][vc_column_inner width=&raquo;1\/4&#8243;][\/vc_column_inner][vc_column_inner width=&raquo;1\/2&#8243;][vc_column_text]<\/p>\n<p class=\"banerkontakt\">Zam\u00f3w bezp\u0142atn\u0105 wycen\u0119 marketing automation w Norwegii? Skontaktuj si\u0119 z nami za pomoc\u0105 <b><a class=\"link\" href=\"https:\/\/avamarketing.no\/kontakt\/\">formularza <\/a><\/b>lub telefonicznie pod numerem <b><a class=\"link\" href=\"tel:+4793993263\">+47 939 93 263 <\/a><\/b><\/p>\n<p>[\/vc_column_text][\/vc_column_inner][vc_column_inner width=&raquo;1\/4&#8243;][\/vc_column_inner][\/vc_row_inner][\/vc_column][\/vc_row][\/vc_section][vc_section][vc_row content_placement=&raquo;bottom&raquo;][vc_column][vc_empty_space height=&raquo;30px&raquo;][\/vc_column][\/vc_row][\/vc_section][vc_section][vc_row][vc_column][vc_column_text]<\/p>\n<h2 class=\"step\">Zadbaj o \u015brodowisko dla automatyzacji marketingu w Norwegii:<\/h2>\n<p>[\/vc_column_text][\/vc_column][\/vc_row][vc_row][vc_column][vc_column_text]<\/p>\n<p>[\/vc_column_text][\/vc_column][\/vc_row][vc_row gap=&raquo;35&#8243; content_placement=&raquo;middle&raquo;][vc_column width=&raquo;1\/2&#8243;][vc_column_text]<\/p>\n<h2 class=\"rodzaje\">Skuteczny portal internetowy w Norwegii<\/h2>\n<h4>Nasze rozwi\u0105zania IT pozwol\u0105 Ci na wi\u0119cej!<\/h4>\n<p>Posiadaj\u0105c w\u0142asny portal internetowy w Norwegii mo\u017cesz: zbudowa\u0107 spo\u0142eczno\u015b\u0107, tworzy\u0107 medium reklamowe, dotrze\u0107 do nowych klient\u00f3w, sprzedawa\u0107 swoje us\u0142ugi i produkty w internecie, budowa\u0107 baz\u0119 klient\u00f3w, informowa\u0107 o nowo\u015bciach, wydarzeniach. Portal www w Norwegii to idealne miejsce do publikacji bie\u017c\u0105cych informacji dla Polonii. Je\u017celi potrzebujesz stworzy\u0107 w pe\u0142ni funkcjonalny portal internetowy gotowy pod <strong><a href=\"https:\/\/avamarketing.no\/pozycjonowanie-stron-internetowych-w-norwegii\/\">pozycjonowanie<\/a><\/strong> i wersje mobilne. Powiniene\u015b podj\u0105\u0107 wsp\u00f3\u0142prac\u0119 z nasz\u0105 agencj\u0105 marketingow\u0105, kt\u00f3ra zadba o najdrobniejsze szczeg\u00f3\u0142y! Mieszkamy w Stavanger i st\u0105d tworzymy nowoczesne portale internetowe w Norwegii.<\/p>\n<p><center><a class=\"more\" href=\"https:\/\/avamarketing.no\/strony-internetowe-w-norwegii\">Wi\u0119cej o stronach i portalach internetowych w Norwegii<\/a><\/center>&nbsp;<\/p>\n<p><center><a class=\"more\" href=\"https:\/\/avamarketing.no\/kontakt\/\">Darmowa wycena <\/a><\/center>[\/vc_column_text][\/vc_column][vc_column width=&raquo;1\/2&#8243;][vc_single_image image=&raquo;1426&#8243; img_size=&raquo;large&raquo; alignment=&raquo;right&raquo;][\/vc_column][\/vc_row][vc_row gap=&raquo;35&#8243; content_placement=&raquo;middle&raquo;][vc_column width=&raquo;1\/2&#8243;][vc_column_text]<\/p>\n<h2 class=\"rodzaje\">Reklamy Google AdWords w Norwegii<\/h2>\n<h4>Znajdziemy Twoich klient\u00f3w w Google.no!<\/h4>\n<p>Nowego klienta od Twojej oferty na <strong><a href=\"https:\/\/avamarketing.no\/strony-internetowe-w-norwegii\/\">stronie www<\/a><\/strong> dzieli jedynie jedno klikni\u0119cie. Wiemy jak stworzy\u0107 skuteczn\u0105 reklam\u0119 w norweskich Google, kt\u00f3ra przyprowadzi klient\u00f3w do Twojej firmy. Opracujemy najefektywniejsze s\u0142owa klucze (keywords) dla Twojego biznesu. Przygotujemy jedyne w swoim rodzaju reklamy zach\u0119caj\u0105ce do klikni\u0119cia i zapoznania si\u0119 z Twoimi us\u0142ugami lub produktami przedstawionymi na witrynie www. Reklamy Google AdWords w Norwegii to jedno z najskuteczniejszych rozwi\u0105za\u0144 do pozyskiwania nowych klient\u00f3w B2B i B2C. Zaufaj naszemu do\u015bwiadczeniu i daj nam znale\u017a\u0107 Twoich klient\u00f3w w Google.no<\/p>\n<p><center><a class=\"more\" href=\"https:\/\/avamarketing.no\/kampanie-google-ads-adwords-w-norwegii\/\">Wi\u0119cej o reklamach AdWords w Norwegii<\/a><\/center>&nbsp;<\/p>\n<p><center><a class=\"more\" href=\"https:\/\/avamarketing.no\/kontakt\/\">Zam\u00f3w kampani\u0119 AdWords w Norwegii<\/a><\/center>[\/vc_column_text][\/vc_column][vc_column width=&raquo;1\/2&#8243;][vc_single_image image=&raquo;1985&#8243; img_size=&raquo;large&raquo; alignment=&raquo;right&raquo;][\/vc_column][\/vc_row][vc_row gap=&raquo;35&#8243; content_placement=&raquo;middle&raquo;][vc_column width=&raquo;1\/2&#8243;][vc_column_text]<\/p>\n<h2 class=\"rodzaje\">Prowadzenie kont spo\u0142eczno\u015bciowych w Norwegii<\/h2>\n<h4>Przekujemy spo\u0142eczno\u015b\u0107 w social mediach w zysk<\/h4>\n<p>Budujemy wizerunki naszych klient\u00f3w na portalach spo\u0142eczno\u015bciowych w Norwegii. Tworzymy anga\u017cuj\u0105ce relacje z klientami. Profesjonalnie prowadzimy kana\u0142y spo\u0142eczno\u015bciowe takie jak Facebook, Instagram, YouTube. Na potrzeb\u0119 opieki nad fanpagami, tworzymy r\u00f3\u017cnego rodzaju posty i dedykowane rozwi\u0105zania zwi\u0119kszaj\u0105ce sprzeda\u017c w Norwegii. Zadbamy o najmniejsze szczeg\u00f3\u0142y. Wprowadzimy innowacyjne rozwi\u0105zania np. Messenger Chat BOTa, kt\u00f3ry b\u0119dzie automatycznie udziela\u0142 informacji. Zajmiemy si\u0119 przeprowadzeniem <strong><a href=\"https:\/\/avamarketing.no\/kampanie-facebook-ads-w-norwegii\/\">kampanii na portalach spo\u0142eczno\u015bciowych<\/a><\/strong> z zastosowaniem p\u0142atnej reklamy w Norwegii. Opracujemy strategi\u0119 marketingow\u0105, kt\u00f3ra zwi\u0119kszy sprzeda\u017c produkt\u00f3w i us\u0142ug oraz ilo\u015b\u0107 aktywnych fan\u00f3w na Twoich norweskich profilach spo\u0142eczno\u015bciowych!<strong>\u00a0<\/strong><\/p>\n<p><center><a class=\"more\" href=\"https:\/\/avamarketing.no\/opieka-nad-social-media-w-norwegii\/\">Oferta prowadzenia fanpaga w Norwegii<\/a><\/center>&nbsp;<\/p>\n<p><center><a class=\"more\" href=\"https:\/\/avamarketing.no\/kontakt\/\">Zam\u00f3w opiek\u0119 nad Social Media w Norwegii<\/a><\/center>[\/vc_column_text][\/vc_column][vc_column width=&raquo;1\/2&#8243;][vc_single_image image=&raquo;1990&#8243; img_size=&raquo;large&raquo; alignment=&raquo;right&raquo;][\/vc_column][\/vc_row][\/vc_section]<\/p>\n","protected":false},"excerpt":{"rendered":"[vc_section content_placement=&raquo;middle&raquo;][vc_row content_placement=&raquo;middle&raquo;][vc_column width=&raquo;1\/2&#8243;][vc_column_text] Marketing automation w Norwegii Zwi\u0119ksz skuteczno\u015b\u0107 dzi\u0119ki automatyzacji marketingu Jako jedyna firma w Norwegii oferujemy dla Polonii wdra\u017canie automatyzacji marketingu. Wra\u017caj\u0105c marketing automation w swojej firmie zaoszcz\u0119dzaj\u0105cych czas i pieni\u0105dze, u\u0142atwiaj\u0105cych sobie prac\u0119, a przede wszystkim pozyskasz nowych potencjalnych klient\u00f3w. Najwa\u017cniejsz\u0105 zalet\u0105 w zastosowaniu marketing automation w Norwegii jest zautomatyzowanie i&#8230; <a class=\"view-article\" href=\"https:\/\/avamarketing.no\/no\/automatisering-av-markedsforing-stavanger-og-sandnes\/\">View Article<\/a>","protected":false},"author":2,"featured_media":0,"parent":0,"menu_order":0,"comment_status":"closed","ping_status":"closed","template":"","meta":[],"yst_prominent_words":[607,30,564,470],"_links":{"self":[{"href":"https:\/\/avamarketing.no\/no\/wp-json\/wp\/v2\/pages\/2417"}],"collection":[{"href":"https:\/\/avamarketing.no\/no\/wp-json\/wp\/v2\/pages"}],"about":[{"href":"https:\/\/avamarketing.no\/no\/wp-json\/wp\/v2\/types\/page"}],"author":[{"embeddable":true,"href":"https:\/\/avamarketing.no\/no\/wp-json\/wp\/v2\/users\/2"}],"replies":[{"embeddable":true,"href":"https:\/\/avamarketing.no\/no\/wp-json\/wp\/v2\/comments?post=2417"}],"version-history":[{"count":2,"href":"https:\/\/avamarketing.no\/no\/wp-json\/wp\/v2\/pages\/2417\/revisions"}],"predecessor-version":[{"id":2419,"href":"https:\/\/avamarketing.no\/no\/wp-json\/wp\/v2\/pages\/2417\/revisions\/2419"}],"wp:attachment":[{"href":"https:\/\/avamarketing.no\/no\/wp-json\/wp\/v2\/media?parent=2417"}],"wp:term":[{"taxonomy":"yst_prominent_words","embeddable":true,"href":"https:\/\/avamarketing.no\/no\/wp-json\/wp\/v2\/yst_prominent_words?post=2417"}],"curies":[{"name":"wp","href":"https:\/\/api.w.org\/{rel}","templated":true}]}}