
{"id":2407,"date":"2020-07-15T12:16:59","date_gmt":"2020-07-15T12:16:59","guid":{"rendered":"https:\/\/avamarketing.no\/?page_id=2407"},"modified":"2020-07-15T12:17:31","modified_gmt":"2020-07-15T12:17:31","slug":"kampanjer-facebook-ads-i-stavanger-og-sandnes","status":"publish","type":"page","link":"https:\/\/avamarketing.no\/no\/kampanjer-facebook-ads-i-stavanger-og-sandnes\/","title":{"rendered":"Kampanjer Facebook Ads i Stavanger og Sandnes"},"content":{"rendered":"<p>[vc_section content_placement=&raquo;middle&raquo;][vc_row content_placement=&raquo;middle&raquo;][vc_column width=&raquo;1\/2&#8243;][vc_column_text]<\/p>\n<h1 class=\"sub\">Reklama Facebook Ads w Norwegii<\/h1>\n<h4 class=\"sub2\">Reklamuj si\u0119 na najwi\u0119kszym portalu spo\u0142eczno\u015bciowym w Norwegii i na \u015bwiecie.<\/h4>\n<p>Pewnie zastanawiasz si\u0119, dlaczego powinienem wybra\u0107 reklam\u0119 na Facebooku w Norwegii?<\/p>\n<p>Facebook to lider w\u015br\u00f3d portali spo\u0142eczno\u015bciowych w Norwegii. Ka\u017cdego dnia korzystaj\u0105 z niego miliony Norweg\u00f3w i ludzi \u017cyj\u0105cych w Norwegii. Niemal ka\u017cda firma posiada swoje konto na Facebook.com &#8211; Pewnie Twoi konkurenci te\u017c tam jest! Facebook umo\u017cliwia reklamodawcom wykorzystane z\u0142o\u017conych narz\u0119dzi do konfigurowania kampanii, dzi\u0119ki kt\u00f3rym jeste\u015bmy w stanie dotrze\u0107 do wa\u017ckiej grup odbiorc\u00f3w \u2013 Twoich klient\u00f3w w Stavanger, Oslo lub ca\u0142ej Norwegii. Dzi\u0119ki tak ogromnej liczbie u\u017cytkownik\u00f3w portalu i narz\u0119dzi umo\u017cliwiaj\u0105cych reklamowanie si\u0119 do potencjalnych klient\u00f3w w Norwegii, kt\u00f3rzy s\u0105 najbardziej zainteresowani Twoj\u0105 ofert\u0105, reklama na Facebook Ads jest jedn\u0105 z pierwszych polecanych przez nas kampanii reklamowych w internacie.[\/vc_column_text][\/vc_column][vc_column width=&raquo;1\/2&#8243;][vc_single_image image=&raquo;2178&#8243; img_size=&raquo;full&raquo;][\/vc_column][\/vc_row][vc_row][vc_column width=&raquo;1\/2&#8243;][vc_column_text]<\/p>\n<h4>Rodzaje reklam na Facebooku<\/h4>\n<p>Facebook daj\u0119 wiele mo\u017cliwo\u015bci reklamowania produkt\u00f3w lub us\u0142ug w postach sponsorowanych:<\/p>\n<p>Reklamy w formie obrazu \/ zdj\u0119cia &#8211; To najprostsza, jak i najpopularniejsza forma reklamy na Facebooku. Reklama ta sk\u0142ada si\u0119 z grafiki \/ zdj\u0119cia, tekstu oraz linku do strony internetowej z pe\u0142n\u0105 ofert\u0105.<\/p>\n<p>Reklamy wideo &#8211; Kolejnym bardzo popularny rodzajem materia\u0142u promocyjnego, jest reklamy video na Facebooku. W tym przypadku poza tekstem i odno\u015bnikiem do oferty reklamodawca w formie klipu reklamowego ma za zadanie zach\u0119ci\u0107 potencjalnego odbiorc\u0119 do wej\u015bcia w link. Reklamy video maj\u0105 wi\u0119ksz\u0105 konwersj\u0119 ze wzgl\u0119du na brak statycznego przekazu reklamowego.<\/p>\n<p>Reklamy z\u0142o\u017cone &#8211; To zbi\u00f3r bardziej z\u0142o\u017conych form reklamowych na Facebooku dzi\u0119ki kt\u00f3rym przykuwamy uwag\u0119 potencjalnego klienta, z jednoczesnym przekazaniem wi\u0119kszej ilo\u015bci informacji. Na Facebooku mamy do wyboru reklamy takie rodzaje jak: pokazy slajd\u00f3w, kola\u017ce, czy kolekcje. Takie rozwi\u0105zania \u015bwietnie nadaj\u0105 si\u0119 do prezentacji produkt\u00f3w sklep\u00f3w internetowych w Norwegii.<\/p>\n<p>[\/vc_column_text][\/vc_column][vc_column width=&raquo;1\/2&#8243;][vc_single_image image=&raquo;2178&#8243; img_size=&raquo;full&raquo;][\/vc_column][\/vc_row][vc_row][vc_column width=&raquo;1\/2&#8243;][vc_column_text]<\/p>\n<h4>G\u0142\u00f3wne zalety reklamy na Facebooku\u00a0 i kampanii reklamowej\u00a0 Facebook Ads w Norwegii:<\/h4>\n<p>Facebook to najwi\u0119kszy w Norwegii serwis spo\u0142eczno\u015bciowy z ogromn\u0105 liczb\u0105 aktywnych u\u017cytkownik\u00f3w.\u00a0 Portal daje mo\u017cliwo\u015b\u0107 pe\u0142nej mierzalno\u015b\u0107 efekt\u00f3w, dzi\u0119ki czemu wiesz ile dok\u0142adnie wydajesz pieni\u0119dzy i jaki efekt przynosi kampania. Narz\u0119dzia reklamowe pozwalaj\u0105 dok\u0142adne okre\u015bli\u0107 grup\u0119 docelowej. Dzi\u0119ki nowoczesnemu systemowi Facebook Ads Twoja reklama pojawia si\u0119 od razu po akceptacji, a potencjalni klienci zaczynaj\u0105 kupowa\u0107 ju\u017c od pierwszej minuty dzia\u0142ania kampanii. Wykorzystuj\u0105c raporty z systemu Facebook Ads jak i Google Analytics nasza agencja interaktywna w Norwegii, przedstawi Ci dok\u0142adne dane na temat Twoich potencjalnych klient\u00f3w i zakup\u00f3w jakie dokonali w Twojej witrynie. Reklamuj\u0105c si\u0119 z nami przy u\u017cyciu reklam Facebook Ads nie u\u017cywamy tylko jednego materia\u0142u reklamowego \/ kreacji reklamy. Na okr\u0105g\u0142o testujemy nowe teksty, nag\u0142\u00f3wki, opisy, stawki, miejsca wy\u015bwietlenia, czy formy reklam takie jak obrazy, filmy, kola\u017ce, pokazy slajd\u00f3w. Z naszym do\u015bwiadczeniem zaoszcz\u0119dzisz pieni\u0105dze i przeprowadzisz skuteczn\u0105 kampani\u0119 reklamow\u0105 w Facebook Ads<\/p>\n<p>Do ka\u017cdej kampanii reklamowej na Facebook Ads w Norwegii opracowywana jest strategia marketingowa polegaj\u0105ca na maksymalizacji efekt\u00f3w p\u0142yn\u0105cych z przeprowadzonej reklamy na Facebooku. Najcz\u0119\u015bciej kampanie reklamowe \u0142\u0105czone s\u0105 z automatyzacja marketingu, dzi\u0119ki czemu budujemy baz\u0119 subskrybent\u00f3w dla naszego biznesu w Norwegii.\u00a0 U\u017cyjemy kampanii na Facebooku, aby znale\u017a\u0107 i zach\u0119cimy klient\u00f3w do kupna i zapisania si\u0119 do bazy mailingowej. Opracujemy system BOT na Messenger i kampanie mailingow\u0105 generuj\u0105c\u0105 dodatkowe dochody \u2013 upsell. Raz wydane pieni\u0105dze na reklam\u0119 mog\u0105 zarabia\u0107 dla Ciebie latami! Zaufaj specjalistom\u00a0 i wystrzel sw\u00f3j biznes\u00a0 dzi\u0119ki reklamie na Facebooku w Norwegii![\/vc_column_text][\/vc_column][vc_column width=&raquo;1\/2&#8243;][vc_single_image image=&raquo;2178&#8243; img_size=&raquo;full&raquo;][\/vc_column][\/vc_row][vc_row][vc_column][vc_raw_html]JTNDY2VudGVyJTNFJTNDYSUyMGNsYXNzJTNEJTIybW9yZSUyMiUyMGhyZWYlM0QlMjJodHRwcyUzQSUyRiUyRmF2YW1hcmtldGluZy5ubyUyRmtvbnRha3QlMkYlMjIlM0VaYW0lQzMlQjN3JTIwcmVrbGFtJUM0JTk5JTIwbmElMjBGYWNlYm9va3UlMjB3JTIwTm9yd2VnaWklM0MlMkZhJTNFJTNDJTJGY2VudGVyJTNF[\/vc_raw_html][\/vc_column][\/vc_row][vc_row][vc_column][vc_column_text]<\/p>\n<h2 class=\"step\">3 kroki do kampanii reklamowej na Facebooku w Norwegii:<\/h2>\n<p>[\/vc_column_text][vc_row_inner gap=&raquo;20&#8243;][vc_column_inner el_class=&raquo;rownaj&raquo; width=&raquo;1\/3&#8243;][vc_column_text]<\/p>\n<h3>Analiza<\/h3>\n<p>[\/vc_column_text][vc_raw_html]JTNDZGl2JTIwY2xhc3MlM0QlMjJvZmVydGFrJTIwa2FydGthayUyMiUzRSUzQ2RpdiUyMGNsYXNzJTNEJTIyYWxpZ24tai1kJTIyJTNFJTNDZmlndXJlJTIwY2xhc3MlM0QlMjJyb3duYWolMjIlM0UlMEElM0NpbWclMjBzcmMlM0QlMjJodHRwcyUzQSUyRiUyRmF2YW1hcmtldGluZy5ubyUyRndwLWNvbnRlbnQlMkZ1cGxvYWRzJTJGaWtvbmthLWFuYWxpemEtQVZBLU1hcmtldGluZy5wbmclMjIlMjBhbHQlM0QlMjJQcm9qZWt0b3dhbmllJTIwc3Ryb24lMjB3d3clMjIlMjBjbGFzcyUzRCUyMmNpcmNsZS1pbWFnZSUyMiUzRSUzQyUyRmZpZ3VyZSUzRSUwQSUzQyUyRmRpdiUzRSUzQyUyRmRpdiUzRQ==[\/vc_raw_html][vc_column_text]1. Po otrzymaniu zapytania poprzez <strong><a href=\"https:\/\/avamarketing.no\/kontakt\/\">formularz kontaktowy<\/a><\/strong>, analizujemy Twoje konto na Facebooku oraz okre\u015blamy cel reklamy na Facebooku. Dobieramy odpowiedni bud\u017cet reklamowy.<\/p>\n<p>Oferta[\/vc_column_text][\/vc_column_inner][vc_column_inner el_class=&raquo;rownaj&raquo; width=&raquo;1\/3&#8243;][vc_column_text]<\/p>\n<h3>Oferta<\/h3>\n<p>[\/vc_column_text][vc_raw_html]JTNDZGl2JTIwY2xhc3MlM0QlMjJvZmVydGFrJTIwa2FydGthayUyMiUzRSUzQ2RpdiUyMGNsYXNzJTNEJTIyYWxpZ24tai1kJTIyJTNFJTNDZmlndXJlJTIwY2xhc3MlM0QlMjJyb3duYWolMjIlM0UlMEElM0NpbWclMjBzcmMlM0QlMjJodHRwcyUzQSUyRiUyRmF2YW1hcmtldGluZy5ubyUyRndwLWNvbnRlbnQlMkZ1cGxvYWRzJTJGaWtvbmthLW9mZXJ0YS1BVkEtTWFya2V0aW5nLnBuZyUyMiUyMGFsdCUzRCUyMlByb2pla3Rvd2FuaWUlMjBzdHJvbiUyMHd3dyUyMiUyMGNsYXNzJTNEJTIyY2lyY2xlLWltYWdlJTIyJTNFJTNDJTJGZmlndXJlJTNFJTBBJTNDJTJGZGl2JTNFJTNDJTJGZGl2JTNF[\/vc_raw_html][vc_column_text]2. Na podstawie analizy Twojego zapytania. Okre\u015blamy zakres prac i harmonogram wsp\u00f3\u0142pracy. Okre\u015blamy cen\u0119 us\u0142ugi\u00a0 prowadzenia kampanii reklamowej na Facebooku.[\/vc_column_text][\/vc_column_inner][vc_column_inner el_class=&raquo;rownaj&raquo; width=&raquo;1\/3&#8243;][vc_column_text]<\/p>\n<h3>Wsp\u00f3\u0142praca<\/h3>\n<p>[\/vc_column_text][vc_raw_html]JTNDZGl2JTIwY2xhc3MlM0QlMjJhbGlnbi1qLWQlMjIlM0UlM0NmaWd1cmUlM0UlM0NpbWclMjBzcmMlM0QlMjJodHRwcyUzQSUyRiUyRmF2YW1hcmtldGluZy5ubyUyRndwLWNvbnRlbnQlMkZ1cGxvYWRzJTJGaWtvbmthLXdzcG9scHJhY2EtQVZBLU1hcmtldGluZy5wbmclMjIlMjBhbHQlM0QlMjJQcm9qZWt0b3dhbmllJTIwc3Ryb24lMjB3d3clMjIlMjBjbGFzcyUzRCUyMmNpcmNsZS1pbWFnZSUyMiUzRSUzQyUyRmZpZ3VyZSUzRSUzQyUyRmRpdiUzRQ==[\/vc_raw_html][vc_column_text]3.\u00a0\u00a0\u00a0Opracowujemy materia\u0142y reklamowe takie jak, nag\u0142\u00f3wki, teksty, grafiki, wideo. Czekamy na akceptacje i uruchamiamy pierwsz\u0105 kampani\u0119. Monitorujemy i optymalizujemy kampani\u0119 aby osi\u0105gn\u0105\u0107 jak najlepsze efekty.[\/vc_column_text][\/vc_column_inner][\/vc_row_inner][\/vc_column][\/vc_row][vc_row full_width=&raquo;stretch_row_content_no_spaces&raquo; content_placement=&raquo;middle&raquo; parallax=&raquo;content-moving&raquo; parallax_image=&raquo;524&#8243;][vc_column][vc_row_inner content_placement=&raquo;middle&raquo;][vc_column_inner width=&raquo;1\/4&#8243;][\/vc_column_inner][vc_column_inner width=&raquo;1\/2&#8243;][vc_column_text]<\/p>\n<p class=\"banerkontakt\">Zam\u00f3w bezp\u0142atn\u0105 wycen\u0119 Kampanii reklamowej na Facebooku w Norwegii? Skontaktuj si\u0119 z nami za pomoc\u0105 <b><a class=\"link\" href=\"https:\/\/avamarketing.no\/kontakt\/\">formularza <\/a><\/b>lub telefonicznie pod numerem <b><a class=\"link\" href=\"tel:+4793993263\">+47 939 93 263 <\/a><\/b><\/p>\n<p>[\/vc_column_text][\/vc_column_inner][vc_column_inner width=&raquo;1\/4&#8243;][\/vc_column_inner][\/vc_row_inner][\/vc_column][\/vc_row][\/vc_section][vc_section][vc_row gap=&raquo;35&#8243; content_placement=&raquo;middle&raquo;][vc_column width=&raquo;1\/2&#8243;][vc_column_text]<\/p>\n<h2 class=\"rodzaje\">Skutecznej stronie www w Norwegii<\/h2>\n<h4>Wizyt\u00f3wka dla Twojej firmy w Norwegii<\/h4>\n<p>Posiadaj\u0105c w\u0142asn\u0105 stron\u0119 internetow\u0105 w Norwegii mo\u017cesz: prezentowa\u0107 swoje us\u0142ugi i produkty w internecie, dotrze\u0107 do nowych klient\u00f3w, budowa\u0107 baz\u0119 subskrybent\u00f3w i sta\u0142ych klient\u00f3w, informowa\u0107 na bie\u017c\u0105co o nowo\u015bciach, promocjach lub wydarzeniach. Strona internetowa w Norwegii to idealne narz\u0119dzie s\u0142u\u017c\u0105ce do promocji Twojej firmy. Je\u017celi nie znasz si\u0119 na web design i nie wiesz jak samemu stworzy\u0107 w pe\u0142ni funkcjonaln\u0105 stron\u0119 www przygotowan\u0105 pod pozycjonowanie i wersje mobilne. Powiniene\u015b podj\u0105\u0107 wsp\u00f3\u0142prac\u0119 z profesjonalistami, kt\u00f3rzy zadbaj\u0105 o najdrobniejsza szczeg\u00f3\u0142y! Jako jedyni tworzymy z pasj\u0105 i zaanga\u017cowaniem strony internetowe w Norwegii spe\u0142niaj\u0105ce wymagania wymagaj\u0105cych klient\u00f3w!<\/p>\n<p><center><a class=\"more\" href=\"https:\/\/avamarketing.no\/strony-internetowe-w-norwegii\">Wi\u0119cej o stronach WWW w Norwegii<\/a><br \/>\n<center><a class=\"more\" href=\"https:\/\/avamarketing.no\/kontakt\/\">Zam\u00f3w stron\u0119 WWW w Norwegii<\/a><\/center>[\/vc_column_text][\/vc_column][vc_column width=&raquo;1\/2&#8243;][vc_single_image image=&raquo;1426&#8243; img_size=&raquo;large&raquo; alignment=&raquo;right&raquo;][\/vc_column][\/vc_row][vc_row gap=&raquo;35&#8243; content_placement=&raquo;middle&raquo;][vc_column width=&raquo;1\/2&#8243;][vc_column_text]<\/center><\/p>\n<h2 class=\"rodzaje\">Prowadzenie Social Medi\u00f3w w Norwegii<\/h2>\n<h4>Spo\u0142eczno\u015b\u0107 w social mediach = zysk<\/h4>\n<p>Budujemy wizerunki naszych klient\u00f3w w social mediach w Norwegii. Tworzymy spo\u0142eczno\u015bci i anga\u017cujemy je. Profesjonalnie prowadzimy kana\u0142y spo\u0142eczno\u015bciowe takie jak Facebook, Instagram, YouTube. Na potrzeb\u0119 opieki nad fanpagami, tworzymy <a href=\"https:\/\/avamarketing.no\/grafika-i-poligrafia-w-norwegii\/\"><strong>materia\u0142y reklamowe<\/strong><\/a> i nowoczesne rozwi\u0105zania zwi\u0119kszaj\u0105ce sprzeda\u017c w Norwegii. Nasi eksperci zadbaj\u0105 o najmniejsze szczeg\u00f3\u0142y. Wprowadzimy nowoczesne technologie np. Messenger Chat BOTa, kt\u00f3ry automatycznie b\u0119dzie obs\u0142ugiwa\u0142 klient\u00f3w i udziela\u0142 informacji potrzebnych do dokonania zam\u00f3wienia\u00a0 w Twoim sklepie internetowym. Zajmiemy si\u0119 przeprowadzeniem kampanii z zastosowaniem p\u0142atnej reklamy w social mediach w Norwegii. Opracujemy strategi\u0119 marketingow\u0105, kt\u00f3ra zwi\u0119kszy sprzeda\u017c produkt\u00f3w i us\u0142ug oraz ilo\u015b\u0107 aktywnych fan\u00f3w na Twoich norweskich profilach w Social Mediach!<\/p>\n<p><center><a class=\"more\" href=\"https:\/\/avamarketing.no\/opieka-nad-social-media-w-norwegii\/\">Wi\u0119cej o ofercie Social Media w Norwegii<\/a><br \/>\n<center><a class=\"more\" href=\"https:\/\/avamarketing.no\/kontakt\/\">Zapytaj o opiek\u0119 nad FanPage`m w Norwegii<\/a><\/center>[\/vc_column_text][\/vc_column][vc_column width=&raquo;1\/2&#8243;][vc_single_image image=&raquo;1223&#8243; img_size=&raquo;large&raquo; alignment=&raquo;right&raquo;][\/vc_column][\/vc_row][\/vc_section][vc_row][vc_column][vc_column_text]<\/center>[\/vc_column_text][\/vc_column][\/vc_row]<\/p>\n","protected":false},"excerpt":{"rendered":"[vc_section content_placement=&raquo;middle&raquo;][vc_row content_placement=&raquo;middle&raquo;][vc_column width=&raquo;1\/2&#8243;][vc_column_text] Reklama Facebook Ads w Norwegii Reklamuj si\u0119 na najwi\u0119kszym portalu spo\u0142eczno\u015bciowym w Norwegii i na \u015bwiecie. Pewnie zastanawiasz si\u0119, dlaczego powinienem wybra\u0107 reklam\u0119 na Facebooku w Norwegii? Facebook to lider w\u015br\u00f3d portali spo\u0142eczno\u015bciowych w Norwegii. Ka\u017cdego dnia korzystaj\u0105 z niego miliony Norweg\u00f3w i ludzi \u017cyj\u0105cych w Norwegii. Niemal ka\u017cda firma posiada&#8230; <a class=\"view-article\" href=\"https:\/\/avamarketing.no\/no\/kampanjer-facebook-ads-i-stavanger-og-sandnes\/\">View Article<\/a>","protected":false},"author":2,"featured_media":0,"parent":0,"menu_order":0,"comment_status":"closed","ping_status":"closed","template":"","meta":[],"yst_prominent_words":[30,50],"_links":{"self":[{"href":"https:\/\/avamarketing.no\/no\/wp-json\/wp\/v2\/pages\/2407"}],"collection":[{"href":"https:\/\/avamarketing.no\/no\/wp-json\/wp\/v2\/pages"}],"about":[{"href":"https:\/\/avamarketing.no\/no\/wp-json\/wp\/v2\/types\/page"}],"author":[{"embeddable":true,"href":"https:\/\/avamarketing.no\/no\/wp-json\/wp\/v2\/users\/2"}],"replies":[{"embeddable":true,"href":"https:\/\/avamarketing.no\/no\/wp-json\/wp\/v2\/comments?post=2407"}],"version-history":[{"count":2,"href":"https:\/\/avamarketing.no\/no\/wp-json\/wp\/v2\/pages\/2407\/revisions"}],"predecessor-version":[{"id":2409,"href":"https:\/\/avamarketing.no\/no\/wp-json\/wp\/v2\/pages\/2407\/revisions\/2409"}],"wp:attachment":[{"href":"https:\/\/avamarketing.no\/no\/wp-json\/wp\/v2\/media?parent=2407"}],"wp:term":[{"taxonomy":"yst_prominent_words","embeddable":true,"href":"https:\/\/avamarketing.no\/no\/wp-json\/wp\/v2\/yst_prominent_words?post=2407"}],"curies":[{"name":"wp","href":"https:\/\/api.w.org\/{rel}","templated":true}]}}