
{"id":2404,"date":"2020-07-15T11:54:40","date_gmt":"2020-07-15T11:54:40","guid":{"rendered":"https:\/\/avamarketing.no\/?page_id=2404"},"modified":"2020-07-15T11:54:40","modified_gmt":"2020-07-15T11:54:40","slug":"grafiske-og-trykkingstjenester-i-stavanger-og-sandnes","status":"publish","type":"page","link":"https:\/\/avamarketing.no\/no\/grafiske-og-trykkingstjenester-i-stavanger-og-sandnes\/","title":{"rendered":"Grafiske og trykkingstjenester i Stavanger og Sandnes"},"content":{"rendered":"<p>&nbsp;<\/p>\n<p>[vc_section content_placement=&raquo;middle&raquo;][vc_row content_placement=&raquo;middle&raquo;][vc_column width=&raquo;1\/2&#8243;][vc_column_text]<\/p>\n<h1 class=\"sub\">Us\u0142ugi graficzne i poligraficzne w Norwegii<\/h1>\n<h4 class=\"sub2\">Od grafiki, po druk!<\/h4>\n<p>Od samego pocz\u0105tku planowania firmy w Norwegii potrzebujesz wsparcia profesjonalnego grafika. Kluczowym elementem marketingowym, ka\u017cdego biznesu jest indywidualny znak graficzny, czyli logo firmy. B\u0119dzie one znajdowa\u0142o si\u0119 na wizyt\u00f3wkach, ulotkach, czy stronie internetowej. Nasi graficy z ch\u0119ci\u0105 zaprojektuj\u0105 logotyp, odpowiednio wyra\u017caj\u0105cy Tw\u00f3j start-up. Drugim co do wa\u017cno\u015bci elementem graficznym w ka\u017cdej firmie w Norwegii, jest grafika przedstawiaj\u0105c ofert\u0119 Twojej firmy. Oferta drukowana, mo\u017ce by\u0107 przedstawiona w spos\u00f3b fizyczny za po\u015brednictwem wydrukowanych katalog\u00f3w, ulotek, czy folder\u00f3w. Oferta internetowa skupia uwag\u0119 na stronie internetowej lub postach reklamowych w Social Mediach. Niezale\u017cnie jakiego typu ofert\u0119 chcesz zaprezentowa\u0107 swoim klientom, jeste\u015bmy gotowi do przygotowania unikalnych projekt\u00f3w graficznych zgodnych z Twoim brandingiem.<\/p>\n<p>Nasi kreatywni graficy w Norwegii do skutku projektuj\u0105 grafik\u0119. Nasze projekty ko\u0144cz\u0105 si\u0119 w momencie akceptacji grafiki przez klienta. Dla nas liczy si\u0119 Twoje zadowolenie. Je\u017celi nie masz pomys\u0142u na grafik\u0119 reklamow\u0105, nie martw si\u0119 ch\u0119tnie przedstawimy Ci nasze pomys\u0142y i zaproponujemy co\u015b fajnego.<\/p>\n<p>Projekt to jedno, a druk to drugie. Nasze projekty nadaj\u0105 si\u0119 do druku. Na specjalne \u017cyczenie klienta mo\u017cemy wykona\u0107 gotowe produkty od A do Z takie jak: wizyt\u00f3wki, ulotki, plakaty, katalogi , broszury firmowe, rollupy, banery, flagi, czy gad\u017cet\u00f3w reklamowe w Norwegii.<\/p>\n<p>Zaufaj naszemu do\u015bwiadczeniu i zwi\u0119ksz szans\u0119 na sukces swojej firmy!<\/p>\n<p>[\/vc_column_text][\/vc_column][vc_column width=&raquo;1\/2&#8243;][vc_single_image image=&raquo;2097&#8243; img_size=&raquo;full&raquo;][\/vc_column][\/vc_row][vc_row][vc_column][vc_raw_html]JTNDY2VudGVyJTNFJTNDYSUyMGNsYXNzJTNEJTIybW9yZSUyMiUyMGhyZWYlM0QlMjJodHRwcyUzQSUyRiUyRmF2YW1hcmtldGluZy5ubyUyRmtvbnRha3QlMkYlMjIlM0VaYW0lQzMlQjN3JTIwdXMlQzUlODJ1Z2klMjBncmFmaWN6bmUlMjBsdWIlMjBwb2xpZ3JhZmljem5lJTIwdyUyME5vcndlZ2lpJTNDJTJGYSUzRSUzQyUyRmNlbnRlciUzRQ==[\/vc_raw_html][\/vc_column][\/vc_row][vc_row][vc_column][vc_column_text]<\/p>\n<h2 class=\"step\">3 kroki do udanej wsp\u00f3\u0142pracy z grafikiem:<\/h2>\n<p>[\/vc_column_text][vc_row_inner gap=&raquo;20&#8243;][vc_column_inner el_class=&raquo;rownaj&raquo; width=&raquo;1\/3&#8243;][vc_column_text]<\/p>\n<h3>Analiza<\/h3>\n<p>[\/vc_column_text][vc_raw_html]JTNDZGl2JTIwY2xhc3MlM0QlMjJvZmVydGFrJTIwa2FydGthayUyMiUzRSUzQ2RpdiUyMGNsYXNzJTNEJTIyYWxpZ24tai1kJTIyJTNFJTNDZmlndXJlJTIwY2xhc3MlM0QlMjJyb3duYWolMjIlM0UlMEElM0NpbWclMjBzcmMlM0QlMjJodHRwcyUzQSUyRiUyRmF2YW1hcmtldGluZy5ubyUyRndwLWNvbnRlbnQlMkZ1cGxvYWRzJTJGaWtvbmthLWFuYWxpemEtQVZBLU1hcmtldGluZy5wbmclMjIlMjBhbHQlM0QlMjJQcm9qZWt0b3dhbmllJTIwc3Ryb24lMjB3d3clMjIlMjBjbGFzcyUzRCUyMmNpcmNsZS1pbWFnZSUyMiUzRSUzQyUyRmZpZ3VyZSUzRSUwQSUzQyUyRmRpdiUzRSUzQyUyRmRpdiUzRQ==[\/vc_raw_html][vc_column_text]1. Po otrzymaniu zapytania poprzez <strong><a href=\"https:\/\/avamarketing.no\/kontakt\/\">formularz kontaktowy<\/a><\/strong>, poznajemy Twoj\u0105 bran\u017c\u0119, firm\u0119 i wytyczne, aby m\u00f3c zaproponowa\u0107 odpowiednie rozwi\u0105zania graficzne dzia\u0142aj\u0105ce na rynku norweskim.[\/vc_column_text][\/vc_column_inner][vc_column_inner el_class=&raquo;rownaj&raquo; width=&raquo;1\/3&#8243;][vc_column_text]<\/p>\n<h3>Oferta<\/h3>\n<p>[\/vc_column_text][vc_raw_html]JTNDZGl2JTIwY2xhc3MlM0QlMjJvZmVydGFrJTIwa2FydGthayUyMiUzRSUzQ2RpdiUyMGNsYXNzJTNEJTIyYWxpZ24tai1kJTIyJTNFJTNDZmlndXJlJTIwY2xhc3MlM0QlMjJyb3duYWolMjIlM0UlMEElM0NpbWclMjBzcmMlM0QlMjJodHRwcyUzQSUyRiUyRmF2YW1hcmtldGluZy5ubyUyRndwLWNvbnRlbnQlMkZ1cGxvYWRzJTJGaWtvbmthLW9mZXJ0YS1BVkEtTWFya2V0aW5nLnBuZyUyMiUyMGFsdCUzRCUyMlByb2pla3Rvd2FuaWUlMjBzdHJvbiUyMHd3dyUyMiUyMGNsYXNzJTNEJTIyY2lyY2xlLWltYWdlJTIyJTNFJTNDJTJGZmlndXJlJTNFJTBBJTNDJTJGZGl2JTNFJTNDJTJGZGl2JTNF[\/vc_raw_html][vc_column_text]2. Na podstawie wcze\u015bniejszych analiz przygotowujemy bezp\u0142atn\u0105 wycen\u0119. Ustalamy termin realizacji us\u0142ugi. Okre\u015blamy zakres i harmonogram dzia\u0142a\u0144.[\/vc_column_text][\/vc_column_inner][vc_column_inner el_class=&raquo;rownaj&raquo; width=&raquo;1\/3&#8243;][vc_column_text]<\/p>\n<h3>Wsp\u00f3\u0142praca<\/h3>\n<p>[\/vc_column_text][vc_raw_html]JTNDZGl2JTIwY2xhc3MlM0QlMjJhbGlnbi1qLWQlMjIlM0UlM0NmaWd1cmUlM0UlM0NpbWclMjBzcmMlM0QlMjJodHRwcyUzQSUyRiUyRmF2YW1hcmtldGluZy5ubyUyRndwLWNvbnRlbnQlMkZ1cGxvYWRzJTJGaWtvbmthLXdzcG9scHJhY2EtQVZBLU1hcmtldGluZy5wbmclMjIlMjBhbHQlM0QlMjJQcm9qZWt0b3dhbmllJTIwc3Ryb24lMjB3d3clMjIlMjBjbGFzcyUzRCUyMmNpcmNsZS1pbWFnZSUyMiUzRSUzQyUyRmZpZ3VyZSUzRSUzQyUyRmRpdiUzRQ==[\/vc_raw_html][vc_column_text]3.\u00a0 Po akceptacji wyceny nasz zesp\u00f3\u0142 bierze si\u0119 do prac graficznych. Wszystkie wersje grafik przesy\u0142amy do akceptacji. Dokonujemy poprawek i zlecamy ewentualnie wykonanie druku.[\/vc_column_text][\/vc_column_inner][\/vc_row_inner][\/vc_column][\/vc_row][vc_row full_width=&raquo;stretch_row_content_no_spaces&raquo; content_placement=&raquo;middle&raquo; parallax=&raquo;content-moving&raquo; parallax_image=&raquo;524&#8243;][vc_column][vc_row_inner content_placement=&raquo;middle&raquo;][vc_column_inner width=&raquo;1\/4&#8243;][\/vc_column_inner][vc_column_inner width=&raquo;1\/2&#8243;][vc_column_text]<\/p>\n<p class=\"banerkontakt\">Zam\u00f3w bezp\u0142atn\u0105 wycen\u0119 us\u0142ug graficznych w Norwegii? Skontaktuj si\u0119 z nami za pomoc\u0105 <b><a class=\"link\" href=\"https:\/\/avamarketing.no\/kontakt\/\">formularza <\/a><\/b>lub telefonicznie pod numerem <b><a class=\"link\" href=\"tel:+4793993263\">+47 939 93 263 <\/a><\/b><\/p>\n<p>[\/vc_column_text][\/vc_column_inner][vc_column_inner width=&raquo;1\/4&#8243;][\/vc_column_inner][\/vc_row_inner][\/vc_column][\/vc_row][\/vc_section][vc_section][vc_row][vc_column][vc_empty_space][vc_column_text]<\/p>\n<h2 class=\"step\">Sprawd\u017a nasze inne us\u0142ugi IT w Norwegii:<\/h2>\n<p>[\/vc_column_text][\/vc_column][\/vc_row][\/vc_section][vc_section][vc_row gap=&raquo;35&#8243; content_placement=&raquo;middle&raquo;][vc_column width=&raquo;1\/2&#8243;][vc_column_text]<\/p>\n<h2 class=\"rodzaje\">Responsywna strona internetowa w Norwegii<\/h2>\n<h4>Interaktywna wizyt\u00f3wka Twojej firmy.<\/h4>\n<p>Posiadaj\u0105c dostosowan\u0105 do telefon\u00f3w kom\u00f3rkowych stron\u0119 internetow\u0105 w Norwegii, mo\u017cesz prezentowa\u0107 24 godziny na dob\u0119 swoje us\u0142ugi i produkty w telefonach swoich norweskich klient\u00f3w. Dzi\u0119ki responsywno\u015b\u0107 strony internetowej, dotrzesz do nowych klient\u00f3w, zbudujesz baz\u0119 subskrybent\u00f3w i sta\u0142ych klient\u00f3w, a nawet poinformujesz ich o nowo\u015bciach, promocjach lub wydarzeniach. Mobilna strona internetowa w Norwegii to idealne rozwi\u0105zanie s\u0142u\u017c\u0105ce do promocji Twojej firmy. Je\u017celi nie znasz si\u0119 na web design i nie wiesz jak samemu stworzy\u0107 w pe\u0142ni funkcjonaln\u0105 stron\u0119 www przygotowan\u0105 pod pozycjonowanie i wersje mobilne. Powiniene\u015b podj\u0105\u0107 wsp\u00f3\u0142prac\u0119 z profesjonalistami, kt\u00f3rzy zadbaj\u0105 o dostosowanie strony do wszystkich rodzaj\u00f3w telefon\u00f3w kom\u00f3rkowych! Jako jedyni tworzymy z pasj\u0105 i zaanga\u017cowaniem responsywne strony internetowe w Norwegii spe\u0142niaj\u0105ce wymagania klient\u00f3w<\/p>\n<p><center><a class=\"more\" href=\"https:\/\/avamarketing.no\/strony-internetowe-w-norwegii\">Wi\u0119cej o responsywnych stronach www w Norwegii<\/a><br \/>\n<center><a class=\"more\" href=\"https:\/\/avamarketing.no\/kontakt\/\">Zam\u00f3w responsywn\u0105 stron\u0119 WWW w Norwegii<\/a><\/center><\/center>[\/vc_column_text][\/vc_column][vc_column width=&raquo;1\/2&#8243;][vc_single_image image=&raquo;1426&#8243; img_size=&raquo;large&raquo; alignment=&raquo;right&raquo;][\/vc_column][\/vc_row][vc_row gap=&raquo;35&#8243; content_placement=&raquo;middle&raquo;][vc_column width=&raquo;1\/2&#8243;][vc_column_text]<\/p>\n<h2 class=\"rodzaje\">Reklamy Google AdWords w Norwegii<\/h2>\n<h4>Daj nam znale\u017a\u0107 Twoich nowych klient\u00f3w<\/h4>\n<p>&nbsp;<\/p>\n<p>Nowego klienta od Twojej oferty na stronie internetowej dzieli jedynie jedno klikni\u0119cie. Wiemy jak stworzy\u0107 skuteczn\u0105 kampani\u0119 reklamow\u0105 w norweskich Google, kt\u00f3ra poprowadzi klient\u00f3w w\u0142a\u015bnie do Twojej firmy. Opracujemy s\u0142owa klucze (keywords) najbardziej op\u0142acalne dla Twojego biznesu. Przygotujemy anga\u017cuj\u0105ce reklamy zach\u0119caj\u0105ce do klikni\u0119cia i zapoznania si\u0119 z Twoimi produktami lub us\u0142ugami przedstawionymi na stronie www. Reklamy Google AdWords w Norwegii to jedno z najskuteczniejszych rozwi\u0105za\u0144 do pozyskiwania nowych klient\u00f3w B2B i B2C. Zaufaj naszemu do\u015bwiadczeniu i daj nam znale\u017a\u0107 nowych klient\u00f3w.<\/p>\n<p><center><a class=\"more\" href=\"https:\/\/avamarketing.no\/kampanie-google-ads-adwords-w-norwegii\/\">Wi\u0119cej o kampaniach Google AdWords w Norwegii<\/a><br \/>\n<center><a class=\"more\" href=\"https:\/\/avamarketing.no\/kontakt\/\">Zam\u00f3w kampanie Google AdWords w Norwegii<\/a><\/center><\/center>[\/vc_column_text][\/vc_column][vc_column width=&raquo;1\/2&#8243;][vc_single_image image=&raquo;1227&#8243; img_size=&raquo;large&raquo; alignment=&raquo;right&raquo;][\/vc_column][\/vc_row][vc_row gap=&raquo;35&#8243; content_placement=&raquo;middle&raquo;][vc_column width=&raquo;1\/2&#8243;][vc_column_text]<\/p>\n<h2 class=\"rodzaje\">Prowadzenie Social Medi\u00f3w w Norwegii<\/h2>\n<h4>Spo\u0142eczno\u015b\u0107 w social mediach = zysk<\/h4>\n<p>Budujemy wizerunki naszych klient\u00f3w w social mediach w Norwegii. Tworzymy spo\u0142eczno\u015bci i anga\u017cujemy je. Profesjonalnie prowadzimy kana\u0142y spo\u0142eczno\u015bciowe takie jak Facebook, Instagram, YouTube. Na potrzeb\u0119 opieki nad fanpagami, tworzymy <a href=\"https:\/\/avamarketing.no\/grafika-i-poligrafia-w-norwegii\/\"><strong>materia\u0142y reklamowe<\/strong><\/a> i nowoczesne rozwi\u0105zania zwi\u0119kszaj\u0105ce sprzeda\u017c w Norwegii. Nasi eksperci zadbaj\u0105 o najmniejsze szczeg\u00f3\u0142y. Wprowadzimy nowoczesne technologie np. Messenger Chat BOTa, kt\u00f3ry automatycznie b\u0119dzie obs\u0142ugiwa\u0142 klient\u00f3w i udziela\u0142 informacji potrzebnych do dokonania zam\u00f3wienia\u00a0 w Twoim sklepie internetowym. Zajmiemy si\u0119 przeprowadzeniem kampanii z zastosowaniem p\u0142atnej reklamy w social mediach w Norwegii. Opracujemy strategi\u0119 marketingow\u0105, kt\u00f3ra zwi\u0119kszy sprzeda\u017c produkt\u00f3w i us\u0142ug oraz ilo\u015b\u0107 aktywnych fan\u00f3w na Twoich norweskich profilach w Social Mediach!<\/p>\n<p><center><a class=\"more\" href=\"https:\/\/avamarketing.no\/opieka-nad-social-media-w-norwegii\/\">Wi\u0119cej o ofercie Social Media w Norwegii<\/a><br \/>\n<center><a class=\"more\" href=\"https:\/\/avamarketing.no\/kontakt\/\">Zapytaj o opiek\u0119 nad FanPage`m w Norwegii<\/a><\/center>[\/vc_column_text][\/vc_column][vc_column width=&raquo;1\/2&#8243;][vc_single_image image=&raquo;1223&#8243; img_size=&raquo;large&raquo; alignment=&raquo;right&raquo;][\/vc_column][\/vc_row][\/vc_section][vc_row][vc_column][vc_column_text]<\/center>[\/vc_column_text][\/vc_column][\/vc_row]<\/p>\n","protected":false},"excerpt":{"rendered":"&nbsp; [vc_section content_placement=&raquo;middle&raquo;][vc_row content_placement=&raquo;middle&raquo;][vc_column width=&raquo;1\/2&#8243;][vc_column_text] Us\u0142ugi graficzne i poligraficzne w Norwegii Od grafiki, po druk! Od samego pocz\u0105tku planowania firmy w Norwegii potrzebujesz wsparcia profesjonalnego grafika. Kluczowym elementem marketingowym, ka\u017cdego biznesu jest indywidualny znak graficzny, czyli logo firmy. B\u0119dzie one znajdowa\u0142o si\u0119 na wizyt\u00f3wkach, ulotkach, czy stronie internetowej. Nasi graficy z ch\u0119ci\u0105 zaprojektuj\u0105 logotyp, odpowiednio&#8230; <a class=\"view-article\" href=\"https:\/\/avamarketing.no\/no\/grafiske-og-trykkingstjenester-i-stavanger-og-sandnes\/\">View Article<\/a>","protected":false},"author":2,"featured_media":0,"parent":0,"menu_order":0,"comment_status":"closed","ping_status":"closed","template":"","meta":[],"yst_prominent_words":[474,30,564,473,470],"_links":{"self":[{"href":"https:\/\/avamarketing.no\/no\/wp-json\/wp\/v2\/pages\/2404"}],"collection":[{"href":"https:\/\/avamarketing.no\/no\/wp-json\/wp\/v2\/pages"}],"about":[{"href":"https:\/\/avamarketing.no\/no\/wp-json\/wp\/v2\/types\/page"}],"author":[{"embeddable":true,"href":"https:\/\/avamarketing.no\/no\/wp-json\/wp\/v2\/users\/2"}],"replies":[{"embeddable":true,"href":"https:\/\/avamarketing.no\/no\/wp-json\/wp\/v2\/comments?post=2404"}],"version-history":[{"count":2,"href":"https:\/\/avamarketing.no\/no\/wp-json\/wp\/v2\/pages\/2404\/revisions"}],"predecessor-version":[{"id":2406,"href":"https:\/\/avamarketing.no\/no\/wp-json\/wp\/v2\/pages\/2404\/revisions\/2406"}],"wp:attachment":[{"href":"https:\/\/avamarketing.no\/no\/wp-json\/wp\/v2\/media?parent=2404"}],"wp:term":[{"taxonomy":"yst_prominent_words","embeddable":true,"href":"https:\/\/avamarketing.no\/no\/wp-json\/wp\/v2\/yst_prominent_words?post=2404"}],"curies":[{"name":"wp","href":"https:\/\/api.w.org\/{rel}","templated":true}]}}