
{"id":2399,"date":"2020-07-15T11:10:49","date_gmt":"2020-07-15T11:10:49","guid":{"rendered":"https:\/\/avamarketing.no\/?page_id=2399"},"modified":"2020-07-15T11:34:53","modified_gmt":"2020-07-15T11:34:53","slug":"ava-marketing-profesjonelle-salgstekster-copywriting-stavanger-sandnes","status":"publish","type":"page","link":"https:\/\/avamarketing.no\/no\/ava-marketing-profesjonelle-salgstekster-copywriting-stavanger-sandnes\/","title":{"rendered":"Profesjonelle salgstekster, copywriting: Stavanger Sandnes"},"content":{"rendered":"<p>[vc_section content_placement=&raquo;middle&raquo;][vc_row content_placement=&raquo;middle&raquo;][vc_column width=&raquo;1\/2&#8243;][vc_column_text]<\/p>\n<h1 class=\"sub\">Copywriting w Norwegii<\/h1>\n<h4 class=\"sub2\">Tworzymy teksty, kt\u00f3re generuj\u0105 sprzeda\u017c<\/h4>\n<p>Niezale\u017cnie od rodzaju prowadzonej przez Ciebie firmy w Norwegii, teksty, s\u0142owa, czy t\u0142umaczenia s\u0105 kluczowe w przedstawieniu swojej oferty klientom. Dzi\u0119ki profesjonalnym tekstom sprzeda\u017cowym na <a href=\"https:\/\/avamarketing.no\/strony-internetowe-w-norwegii\/\"><strong>stronie www<\/strong><\/a>, w j\u0119zyku norweskim, Twoja strona internetowa ma szans\u0119 pojawi\u0107 si\u0119 w czo\u0142owych wynikach wyszukiwania w wyszukiwarkach Google.no (Polecamy r\u00f3wnie\u017c <a href=\"https:\/\/avamarketing.no\/pozycjonowanie-stron-internetowych-w-norwegii\/\"><strong>pozycjonowanie w Norwegii<\/strong><\/a>). Klient, kt\u00f3ry odwiedzi witryn\u0119 internetow\u0105 w celu przeczytania Twojej oferty, powinien otrzyma\u0107 wysokojako\u015bciowy tekst opracowany w taki spos\u00f3b, aby po przeczytaniu zach\u0119ci\u0107 go do zakupu lub kontaktu z Twoj\u0105 firm\u0105.<\/p>\n<p>Jako\u015b\u0107 copywritingu w Norwegii jest niezwykle istotnym elementem budowania pozycji marki. Tworzymy teksty w Norwegii, dla r\u00f3\u017cnych zastosowa\u0144 takich jak:<\/p>\n<ul>\n<li>Pisanie artyku\u0142\u00f3w og\u00f3lno \u2013 tematycznych<\/li>\n<li>Pisanie artyku\u0142\u00f3w eksperckich<\/li>\n<li>Pisanie artyku\u0142\u00f3w sponsorowanych<\/li>\n<li>Tworzenie opis\u00f3w produkt\u00f3w do ecommerce (<strong><a href=\"https:\/\/avamarketing.no\/sklepy-internetowe-w-norwegii\/\">sklep\u00f3w internetowych<\/a><\/strong>)<\/li>\n<li>Tworzenie tekst\u00f3w na strony internetowe<\/li>\n<li>Opracowywanie tekst\u00f3w do sklep\u00f3w internetowych<br \/>\nTworzenie opis\u00f3w na portale typu finn.no Mittanbud itd.<\/li>\n<li>Tworzenie tekst\u00f3w na\u00a0 WWW (strony internetowe)<\/li>\n<li>Tworzenie tekst\u00f3w do materia\u0142\u00f3w promocyjnych \u2013 <strong><a href=\"https:\/\/avamarketing.no\/grafika-i-poligrafia-w-norwegii\/\">ulotki, banery<\/a><\/strong> i inne.<\/li>\n<li>Tworzenie tekst\u00f3w sprzeda\u017cowych \/ marketingowych<\/li>\n<li>Pisanie tekst\u00f3w na bloga<\/li>\n<li>Tworzenie post\u00f3w do <strong><a href=\"https:\/\/avamarketing.no\/opieka-nad-social-media-w-norwegii\/\">social medi\u00f3w<\/a><\/strong><\/li>\n<li>Tworzenie tekst\u00f3w reklamy w kampaniach <a href=\"https:\/\/avamarketing.no\/kampanie-google-ads-adwords-w-norwegii\/\"><strong>AdWords<\/strong><\/a>, <a href=\"https:\/\/avamarketing.no\/kampanie-facebook-ads-w-norwegii\/\"><strong>Facebook ADS<\/strong><\/a> i inne<\/li>\n<li>Pisanie tekst\u00f3w pod <a href=\"https:\/\/avamarketing.no\/pozycjonowanie-stron-internetowych-w-norwegii\/\"><strong>pozycjonowanie<\/strong> &#8211; <strong>SEO<\/strong><\/a><\/li>\n<li>Tworzenie slogan\u00f3w<\/li>\n<\/ul>\n<p>Wierzymy, \u017ce opracowane przez nas teksty s\u0105 skuteczne. Oferujemy t\u0142umaczenia stron internetowych we wszystkich j\u0119zykach \u015bwiata. Jako norweska firma, z polskim do\u015bwiadczeniem, specjalizujemy si\u0119 w tworzeniu tekst\u00f3w w j\u0119zyku norweskim, angielskim oraz polskim. Wsp\u00f3\u0142pracuj\u0105 z nami profesjonalni nativ spikerzy, kt\u00f3rzy tylko czekaj\u0105, by wple\u015b\u0107 w przygotowane tre\u015bci troch\u0119 narodowych nalecia\u0142o\u015bci. Zaufaj nam i zaoszcz\u0119d\u017a sobie godzin sp\u0119dzonych przed pust\u0105 kartk\u0105!<strong><br \/>\n<\/strong>[\/vc_column_text][\/vc_column][vc_column width=&raquo;1\/2&#8243;][vc_single_image image=&raquo;1422&#8243; img_size=&raquo;full&raquo;][\/vc_column][\/vc_row][vc_row][vc_column][vc_raw_html]JTNDY2VudGVyJTNFJTNDYSUyMGNsYXNzJTNEJTIybW9yZSUyMiUyMGhyZWYlM0QlMjJodHRwcyUzQSUyRiUyRmF2YW1hcmtldGluZy5ubyUyRmtvbnRha3QlMkYlMjIlM0VaYW0lQzMlQjN3JTIwQ29weXdyaXRpbmclMjB3JTIwTm9yd2VnaWklM0MlMkZhJTNFJTNDJTJGY2VudGVyJTNF[\/vc_raw_html][\/vc_column][\/vc_row][vc_row][vc_column][vc_column_text]<\/p>\n<h2 class=\"step\">3 kroki do stworzenia tekst\u00f3w na Twoj\u0105 stron\u0119 w Norwegii:<\/h2>\n<p>[\/vc_column_text][vc_row_inner gap=&raquo;20&#8243;][vc_column_inner el_class=&raquo;rownaj&raquo; width=&raquo;1\/3&#8243;][vc_column_text]<\/p>\n<h3>Analiza<\/h3>\n<p>[\/vc_column_text][vc_raw_html]JTNDZGl2JTIwY2xhc3MlM0QlMjJvZmVydGFrJTIwa2FydGthayUyMiUzRSUzQ2RpdiUyMGNsYXNzJTNEJTIyYWxpZ24tai1kJTIyJTNFJTNDZmlndXJlJTIwY2xhc3MlM0QlMjJyb3duYWolMjIlM0UlMEElM0NpbWclMjBzcmMlM0QlMjJodHRwcyUzQSUyRiUyRmF2YW1hcmtldGluZy5ubyUyRndwLWNvbnRlbnQlMkZ1cGxvYWRzJTJGaWtvbmthLWFuYWxpemEtQVZBLU1hcmtldGluZy5wbmclMjIlMjBhbHQlM0QlMjJQcm9qZWt0b3dhbmllJTIwc3Ryb24lMjB3d3clMjIlMjBjbGFzcyUzRCUyMmNpcmNsZS1pbWFnZSUyMiUzRSUzQyUyRmZpZ3VyZSUzRSUwQSUzQyUyRmRpdiUzRSUzQyUyRmRpdiUzRQ==[\/vc_raw_html][vc_column_text]<\/p>\n<p>1. Po otrzymaniu zapytania poprzez <strong><a href=\"https:\/\/avamarketing.no\/kontakt\/\">formularz kontaktowy<\/a><\/strong>, analizujemy zapytanie. Okre\u015blamy zakres wykonania us\u0142ugi opracowania tekst\u00f3w na stron\u0119 internetow\u0105.<\/p>\n<p>[\/vc_column_text][\/vc_column_inner][vc_column_inner el_class=&raquo;rownaj&raquo; width=&raquo;1\/3&#8243;][vc_column_text]<\/p>\n<h3>Oferta<\/h3>\n<p>[\/vc_column_text][vc_raw_html]JTNDZGl2JTIwY2xhc3MlM0QlMjJvZmVydGFrJTIwa2FydGthayUyMiUzRSUzQ2RpdiUyMGNsYXNzJTNEJTIyYWxpZ24tai1kJTIyJTNFJTNDZmlndXJlJTIwY2xhc3MlM0QlMjJyb3duYWolMjIlM0UlMEElM0NpbWclMjBzcmMlM0QlMjJodHRwcyUzQSUyRiUyRmF2YW1hcmtldGluZy5ubyUyRndwLWNvbnRlbnQlMkZ1cGxvYWRzJTJGaWtvbmthLW9mZXJ0YS1BVkEtTWFya2V0aW5nLnBuZyUyMiUyMGFsdCUzRCUyMlByb2pla3Rvd2FuaWUlMjBzdHJvbiUyMHd3dyUyMiUyMGNsYXNzJTNEJTIyY2lyY2xlLWltYWdlJTIyJTNFJTNDJTJGZmlndXJlJTNFJTBBJTNDJTJGZGl2JTNFJTNDJTJGZGl2JTNF[\/vc_raw_html][vc_column_text]<\/p>\n<p>2. Na podstawie analizy Twojego zapytania. Okre\u015blamy harmonogram przygotowania tekst\u00f3w, t\u0142umacze\u0144 norweskich itd. Przesy\u0142amy ofert\u0119 cenow\u0105 do akceptacji<\/p>\n<p>[\/vc_column_text][\/vc_column_inner][vc_column_inner el_class=&raquo;rownaj&raquo; width=&raquo;1\/3&#8243;][vc_column_text]<\/p>\n<h3>Wsp\u00f3\u0142praca<\/h3>\n<p>[\/vc_column_text][vc_raw_html]JTNDZGl2JTIwY2xhc3MlM0QlMjJhbGlnbi1qLWQlMjIlM0UlM0NmaWd1cmUlM0UlM0NpbWclMjBzcmMlM0QlMjJodHRwcyUzQSUyRiUyRmF2YW1hcmtldGluZy5ubyUyRndwLWNvbnRlbnQlMkZ1cGxvYWRzJTJGaWtvbmthLXdzcG9scHJhY2EtQVZBLU1hcmtldGluZy5wbmclMjIlMjBhbHQlM0QlMjJQcm9qZWt0b3dhbmllJTIwc3Ryb24lMjB3d3clMjIlMjBjbGFzcyUzRCUyMmNpcmNsZS1pbWFnZSUyMiUzRSUzQyUyRmZpZ3VyZSUzRSUzQyUyRmRpdiUzRQ==[\/vc_raw_html][vc_column_text]3.\u00a0\u00a0\u00a0 Po akceptacji wyceny nasz zesp\u00f3\u0142 tworzy teksty i t\u0142umaczenia norweskie wg. wcze\u015bniej opracowanego harmonogramu. Wprowadzamy poprawki edytorskie do perfekcji[\/vc_column_text][\/vc_column_inner][\/vc_row_inner][\/vc_column][\/vc_row][vc_row full_width=&raquo;stretch_row_content_no_spaces&raquo; content_placement=&raquo;middle&raquo; parallax=&raquo;content-moving&raquo; parallax_image=&raquo;524&#8243;][vc_column][vc_row_inner content_placement=&raquo;middle&raquo;][vc_column_inner width=&raquo;1\/4&#8243;][\/vc_column_inner][vc_column_inner width=&raquo;1\/2&#8243;][vc_column_text]<\/p>\n<p class=\"banerkontakt\">Zam\u00f3w bezp\u0142atn\u0105 wycen\u0119 Copywritingu w Norwegii? Skontaktuj si\u0119 z nami za pomoc\u0105 <b><a class=\"link\" href=\"https:\/\/avamarketing.no\/kontakt\/\">formularza <\/a><\/b>lub telefonicznie pod numerem <b><a class=\"link\" href=\"tel:+4793993263\">+47 939 93 263 <\/a><\/b><\/p>\n<p>[\/vc_column_text][\/vc_column_inner][vc_column_inner width=&raquo;1\/4&#8243;][\/vc_column_inner][\/vc_row_inner][\/vc_column][\/vc_row][\/vc_section][vc_section][vc_row][vc_column][vc_empty_space][vc_column_text]<\/p>\n<h2 class=\"step\">Wykorzystaj nasze przygotowane teksty w :<\/h2>\n<p>[\/vc_column_text][\/vc_column][\/vc_row][\/vc_section][vc_section][vc_row gap=&raquo;35&#8243; content_placement=&raquo;middle&raquo;][vc_column width=&raquo;1\/2&#8243;][vc_column_text]<\/p>\n<h2 class=\"rodzaje\">Skutecznej stronie www w Norwegii<\/h2>\n<h4>Wizyt\u00f3wka dla Twojej firmy w Norwegii<\/h4>\n<p>Posiadaj\u0105c w\u0142asn\u0105 stron\u0119 internetow\u0105 w Norwegii mo\u017cesz: prezentowa\u0107 swoje us\u0142ugi i produkty w internecie, dotrze\u0107 do nowych klient\u00f3w, budowa\u0107 baz\u0119 subskrybent\u00f3w i sta\u0142ych klient\u00f3w, informowa\u0107 na bie\u017c\u0105co o nowo\u015bciach, promocjach lub wydarzeniach. Strona internetowa w Norwegii to idealne narz\u0119dzie s\u0142u\u017c\u0105ce do promocji Twojej firmy. Je\u017celi nie znasz si\u0119 na web design i nie wiesz jak samemu stworzy\u0107 w pe\u0142ni funkcjonaln\u0105 stron\u0119 www przygotowan\u0105 pod pozycjonowanie i wersje mobilne. Powiniene\u015b podj\u0105\u0107 wsp\u00f3\u0142prac\u0119 z profesjonalistami, kt\u00f3rzy zadbaj\u0105 o najdrobniejsza szczeg\u00f3\u0142y! Jako jedyni tworzymy z pasj\u0105 i zaanga\u017cowaniem strony internetowe w Norwegii spe\u0142niaj\u0105ce wymagania wymagaj\u0105cych klient\u00f3w!<\/p>\n<p><center><a class=\"more\" href=\"https:\/\/avamarketing.no\/strony-internetowe-w-norwegii\">Wi\u0119cej o stronach WWW w Norwegii<\/a><br \/>\n<center><a class=\"more\" href=\"https:\/\/avamarketing.no\/kontakt\/\">Zam\u00f3w stron\u0119 WWW w Norwegii<\/a><\/center>[\/vc_column_text][\/vc_column][vc_column width=&raquo;1\/2&#8243;][vc_single_image image=&raquo;1426&#8243; img_size=&raquo;large&raquo; alignment=&raquo;right&raquo;][\/vc_column][\/vc_row][vc_row gap=&raquo;35&#8243; content_placement=&raquo;middle&raquo;][vc_column width=&raquo;1\/2&#8243;][vc_column_text]\u00a0<\/center><\/p>\n<h2 class=\"rodzaje\">Reklamy na Facebook w Norwegii<\/h2>\n<h4>Sprzedawaj swoje produkty, dzi\u0119ki reklamom na Facebooku<\/h4>\n<p><a href=\"http:\/\/www.facebook.com\">Facebook<\/a> i <a href=\"http:\/\/www.instagram.com\">Instagram<\/a> z roku na rok staj\u0105 si\u0119 coraz popularniejszymi portalami spo\u0142eczno\u015bciowymi. Firmy ch\u0119tnie tworz\u0105 i rozwijaj\u0105 swoje darmowe profile firmowe (fanpage) wewn\u0105trz serwisu. Ze wzrostem popularno\u015bci Facebooka zasi\u0119gi publikowanych post\u00f3w przez fanpage spad\u0142a co zmusza reklamodawc\u00f3w w Norwegii do tworzenia kampanii p\u0142atnych. Tworzenie reklam na Facebooku w Norwegii daje mo\u017cliwo\u015b\u0107 dotarcia do szczeg\u00f3\u0142owo wyselekcjonowanej grupy odbiorczej. Tergetowanie reklamy, wy\u015bwietlanej bezpo\u015brednio do naszych klient\u00f3w przek\u0142ada si\u0119 na wysokie wynik skuteczno\u015bci tego typu kampanii reklamowych w Norwegii. Zaufaj naszemu do\u015bwiadczeniu i daj nam znale\u017a\u0107 nowych klient\u00f3w dla Twojej firmy na Facebooku!<strong>\u00a0<\/strong><\/p>\n<p><center><a class=\"more\" href=\"https:\/\/avamarketing.no\/kampanie-facebook-ads-w-norwegii\">Wi\u0119cej o kampaniach na Facebooku w Norwegii<\/a>&lt;<br \/>\n<center><a class=\"more\" href=\"https:\/\/avamarketing.no\/kontakt\/\">Zam\u00f3w kampanie na Facebooku w Norwegii<\/a><\/center><\/center>[\/vc_column_text][\/vc_column][vc_column width=&raquo;1\/2&#8243;][vc_single_image image=&raquo;1227&#8243; img_size=&raquo;large&raquo; alignment=&raquo;right&raquo;][\/vc_column][\/vc_row][vc_row gap=&raquo;35&#8243; content_placement=&raquo;middle&raquo;][vc_column width=&raquo;1\/2&#8243;][vc_column_text]<\/p>\n<h2 class=\"rodzaje\">Prowadzenie Social Medi\u00f3w w Norwegii<\/h2>\n<h4>Spo\u0142eczno\u015b\u0107 w social mediach = zysk<\/h4>\n<p>Budujemy wizerunki naszych klient\u00f3w w social mediach w Norwegii. Tworzymy spo\u0142eczno\u015bci i anga\u017cujemy je. Profesjonalnie prowadzimy kana\u0142y spo\u0142eczno\u015bciowe takie jak Facebook, Instagram, YouTube. Na potrzeb\u0119 opieki nad fanpagami, tworzymy <a href=\"https:\/\/avamarketing.no\/grafika-i-poligrafia-w-norwegii\/\"><strong>materia\u0142y reklamowe<\/strong><\/a> i nowoczesne rozwi\u0105zania zwi\u0119kszaj\u0105ce sprzeda\u017c w Norwegii. Nasi eksperci zadbaj\u0105 o najmniejsze szczeg\u00f3\u0142y. Wprowadzimy nowoczesne technologie np. Messenger Chat BOTa, kt\u00f3ry automatycznie b\u0119dzie obs\u0142ugiwa\u0142 klient\u00f3w i udziela\u0142 informacji potrzebnych do dokonania zam\u00f3wienia\u00a0 w Twoim sklepie internetowym. Zajmiemy si\u0119 przeprowadzeniem kampanii z zastosowaniem p\u0142atnej reklamy w social mediach w Norwegii. Opracujemy strategi\u0119 marketingow\u0105, kt\u00f3ra zwi\u0119kszy sprzeda\u017c produkt\u00f3w i us\u0142ug oraz ilo\u015b\u0107 aktywnych fan\u00f3w na Twoich norweskich profilach w Social Mediach!<\/p>\n<p><center><a class=\"more\" href=\"https:\/\/avamarketing.no\/opieka-nad-social-media-w-norwegii\/\">Wi\u0119cej o ofercie Social Media w Norwegii<\/a><br \/>\n<center><a class=\"more\" href=\"https:\/\/avamarketing.no\/kontakt\/\">Zapytaj o opiek\u0119 nad FanPage`m w Norwegii<\/a><\/center>[\/vc_column_text][\/vc_column][vc_column width=&raquo;1\/2&#8243;][vc_single_image image=&raquo;1223&#8243; img_size=&raquo;large&raquo; alignment=&raquo;right&raquo;][\/vc_column][\/vc_row][\/vc_section][vc_row][vc_column][vc_column_text]<\/center>[\/vc_column_text][\/vc_column][\/vc_row]<\/p>\n","protected":false},"excerpt":{"rendered":"[vc_section content_placement=&raquo;middle&raquo;][vc_row content_placement=&raquo;middle&raquo;][vc_column width=&raquo;1\/2&#8243;][vc_column_text] Copywriting w Norwegii Tworzymy teksty, kt\u00f3re generuj\u0105 sprzeda\u017c Niezale\u017cnie od rodzaju prowadzonej przez Ciebie firmy w Norwegii, teksty, s\u0142owa, czy t\u0142umaczenia s\u0105 kluczowe w przedstawieniu swojej oferty klientom. Dzi\u0119ki profesjonalnym tekstom sprzeda\u017cowym na stronie www, w j\u0119zyku norweskim, Twoja strona internetowa ma szans\u0119 pojawi\u0107 si\u0119 w czo\u0142owych wynikach wyszukiwania w wyszukiwarkach&#8230; <a class=\"view-article\" href=\"https:\/\/avamarketing.no\/no\/ava-marketing-profesjonelle-salgstekster-copywriting-stavanger-sandnes\/\">View Article<\/a>","protected":false},"author":2,"featured_media":0,"parent":0,"menu_order":0,"comment_status":"closed","ping_status":"closed","template":"","meta":[],"yst_prominent_words":[267,31],"_links":{"self":[{"href":"https:\/\/avamarketing.no\/no\/wp-json\/wp\/v2\/pages\/2399"}],"collection":[{"href":"https:\/\/avamarketing.no\/no\/wp-json\/wp\/v2\/pages"}],"about":[{"href":"https:\/\/avamarketing.no\/no\/wp-json\/wp\/v2\/types\/page"}],"author":[{"embeddable":true,"href":"https:\/\/avamarketing.no\/no\/wp-json\/wp\/v2\/users\/2"}],"replies":[{"embeddable":true,"href":"https:\/\/avamarketing.no\/no\/wp-json\/wp\/v2\/comments?post=2399"}],"version-history":[{"count":3,"href":"https:\/\/avamarketing.no\/no\/wp-json\/wp\/v2\/pages\/2399\/revisions"}],"predecessor-version":[{"id":2403,"href":"https:\/\/avamarketing.no\/no\/wp-json\/wp\/v2\/pages\/2399\/revisions\/2403"}],"wp:attachment":[{"href":"https:\/\/avamarketing.no\/no\/wp-json\/wp\/v2\/media?parent=2399"}],"wp:term":[{"taxonomy":"yst_prominent_words","embeddable":true,"href":"https:\/\/avamarketing.no\/no\/wp-json\/wp\/v2\/yst_prominent_words?post=2399"}],"curies":[{"name":"wp","href":"https:\/\/api.w.org\/{rel}","templated":true}]}}